{"id":118,"date":"2022-11-23T10:14:33","date_gmt":"2022-11-23T09:14:33","guid":{"rendered":"http:\/\/www.ltechnik.intern\/wp\/?page_id=118"},"modified":"2025-08-29T10:06:10","modified_gmt":"2025-08-29T08:06:10","slug":"dienstleistungen","status":"publish","type":"page","link":"https:\/\/www.baeuerlein-landtechnik.de\/?page_id=118","title":{"rendered":"Service"},"content":{"rendered":"\n<p class=\"has-text-align-left has-virtue-primary-color has-text-color\">Der <strong>Rundum-Service<\/strong> bei B\u00e4uerlein Landtechnik.<br>Um den vielf\u00e4ltigen Herausforderungen in der heutigen Landwirtschaft zu begegnen, braucht es Wissen, Durchhalteverm\u00f6gen, gleichzeitig Leidenschaft und einen starken Partner an der Seite. Bei uns k\u00f6nnen Sie sich nicht nur beraten lassen, sondern auch Landmaschinen kaufen, diese warten lassen oder unseren Notfalldienst rufen.<\/p>\n\n\n\n<p><\/p>\n\n\n\n<p><\/p>\n\n\n\n<p><img loading=\"lazy\" decoding=\"async\" width=\"512\" height=\"512\" class=\"wp-image-765\" style=\"width: 50px;\" src=\"https:\/\/www.baeuerlein-landtechnik.de\/wp-content\/uploads\/2023\/02\/beratung.png\" alt=\"\">   <strong><em>Beratung und Verkauf<\/em><\/strong><br>Einen Traktor oder M\u00e4hdrescher kaufen, erledigt man nicht jeden Tag. Der Kauf einer solchen leistungsstarken Landmaschine erfordert eine gr\u00fcndliche Recherche und professionelle Beratung. Sie haben schon Ihre Vorstellung im Kopf oder wollen sich vor Ort informieren? Wir nehmen uns Zeit f\u00fcr Sie und beraten umfassend und kompetent \u2013 bei Neuanschaffung bis hin zum kleinen Ersatzteil. Dabei finden wir zusammen die Landtechnik, die zu Ihren Vorstellungen passt.<br><a href=\"https:\/\/www.baeuerlein-landtechnik.de\/?page_id=16\"><em>-> Jetzt Termin vereinbaren<\/em><\/a><\/p>\n\n\n\n<p><\/p>\n\n\n\n<p><\/p>\n\n\n\n<p><img loading=\"lazy\" decoding=\"async\" width=\"512\" height=\"512\" class=\"wp-image-766\" style=\"width: 50px;\" src=\"https:\/\/www.baeuerlein-landtechnik.de\/wp-content\/uploads\/2023\/02\/reparatur-zu-hause.png\" alt=\"\">   <strong><em>Reparatur und Notfalldienst<\/em><\/strong><br>Trotz guter und regelm\u00e4\u00dfiger Wartung kann es immer wieder zu Materialerm\u00fcdung kommen. Wir stehen Ihnen mit unserem Wissen zur Seite und reparieren direkt vor Ort, damit Sie, wenn es eilt, rasch Ihre Arbeit erledigen k\u00f6nnen. F\u00fcr geplante Reparaturen nutzen wir unsere gro\u00dfe Werkstatt.<\/p>\n\n\n\n<p><\/p>\n\n\n\n<p><\/p>\n\n\n\n<p><img loading=\"lazy\" decoding=\"async\" width=\"512\" height=\"512\" class=\"wp-image-767\" style=\"width: 50px;\" src=\"https:\/\/www.baeuerlein-landtechnik.de\/wp-content\/uploads\/2023\/02\/management-service.png\" alt=\"\">   <strong><em>Service und Wartung<\/em><\/strong><br>Landmaschinen sind komplex. Ein exzellenter Service ist nicht nur eine Aufgabe, Landwirtschaft und Technik sind unsere Leidenschaft und das erfahren auch unsere Kunden. Unsere Mitarbeiter pr\u00fcfen Ihre Maschinen auf Herz und Nieren, damit Sie auch in Zukunft jederzeit einsatzbereit sind.<\/p>\n\n\n\n<p><\/p>\n\n\n\n<p><\/p>\n\n\n\n<p><img loading=\"lazy\" decoding=\"async\" width=\"512\" height=\"512\" class=\"wp-image-764\" style=\"width: 50px;\" src=\"https:\/\/www.baeuerlein-landtechnik.de\/wp-content\/uploads\/2023\/02\/sos-1.png\" alt=\"\">   <strong><em>Notfalldienst<\/em><\/strong><br>Es ist Sommer, Hochsaison, Wochenende und genau jetzt funktioniert Ihre Maschine nicht mehr? <br>Wir sind f\u00fcr Sie mit unserem Notdienst erreichbar.<\/p>\n\n\n\n<p><\/p>\n\n\n\n<p><\/p>\n\n\n\n<p><img loading=\"lazy\" decoding=\"async\" width=\"512\" height=\"512\" class=\"wp-image-769\" style=\"width: 50px;\" src=\"https:\/\/www.baeuerlein-landtechnik.de\/wp-content\/uploads\/2023\/02\/analysieren.png\" alt=\"\"><strong><em>   T\u00dcV<\/em><\/strong><br>Die Koordination der <strong><em><a href=\"https:\/\/www.baeuerlein-landtechnik.de\/?page_id=207\">T\u00dcV-Pr\u00fcfung<\/a><\/em><\/strong> ist fester Bestandteil unseres umfassenden Werkstattangebots. <\/p>\n","protected":false},"excerpt":{"rendered":"<p>Der Rundum-Service bei B\u00e4uerlein Landtechnik.Um den vielf\u00e4ltigen Herausforderungen in der heutigen Landwirtschaft zu begegnen, braucht es Wissen, Durchhalteverm\u00f6gen, gleichzeitig Leidenschaft und einen starken Partner an der Seite. Bei uns k\u00f6nnen Sie sich nicht nur beraten lassen, sondern auch Landmaschinen kaufen, diese warten lassen oder unseren Notfalldienst rufen. Beratung und VerkaufEinen Traktor oder M\u00e4hdrescher kaufen, erledigt [&hellip;]<\/p>\n","protected":false},"author":1,"featured_media":198,"parent":0,"menu_order":0,"comment_status":"closed","ping_status":"closed","template":"","meta":{"footnotes":""},"_links":{"self":[{"href":"https:\/\/www.baeuerlein-landtechnik.de\/index.php?rest_route=\/wp\/v2\/pages\/118"}],"collection":[{"href":"https:\/\/www.baeuerlein-landtechnik.de\/index.php?rest_route=\/wp\/v2\/pages"}],"about":[{"href":"https:\/\/www.baeuerlein-landtechnik.de\/index.php?rest_route=\/wp\/v2\/types\/page"}],"author":[{"embeddable":true,"href":"https:\/\/www.baeuerlein-landtechnik.de\/index.php?rest_route=\/wp\/v2\/users\/1"}],"replies":[{"embeddable":true,"href":"https:\/\/www.baeuerlein-landtechnik.de\/index.php?rest_route=%2Fwp%2Fv2%2Fcomments&post=118"}],"version-history":[{"count":71,"href":"https:\/\/www.baeuerlein-landtechnik.de\/index.php?rest_route=\/wp\/v2\/pages\/118\/revisions"}],"predecessor-version":[{"id":1831,"href":"https:\/\/www.baeuerlein-landtechnik.de\/index.php?rest_route=\/wp\/v2\/pages\/118\/revisions\/1831"}],"wp:featuredmedia":[{"embeddable":true,"href":"https:\/\/www.baeuerlein-landtechnik.de\/index.php?rest_route=\/wp\/v2\/media\/198"}],"wp:attachment":[{"href":"https:\/\/www.baeuerlein-landtechnik.de\/index.php?rest_route=%2Fwp%2Fv2%2Fmedia&parent=118"}],"curies":[{"name":"wp","href":"https:\/\/api.w.org\/{rel}","templated":true}]}}