{"id":1492,"date":"2024-02-08T09:51:28","date_gmt":"2024-02-08T08:51:28","guid":{"rendered":"https:\/\/www.baeuerlein-landtechnik.de\/?page_id=1492"},"modified":"2025-07-09T11:33:56","modified_gmt":"2025-07-09T09:33:56","slug":"hardi","status":"publish","type":"page","link":"https:\/\/www.baeuerlein-landtechnik.de\/?page_id=1492","title":{"rendered":"Hardi"},"content":{"rendered":"\n<p><strong>Hardi \u2013 Pr\u00e4zision im Pflanzenschutz.<\/strong><\/p>\n\n\n\n<p>Hardi ist Ihr zuverl\u00e4ssiger Partner f\u00fcr hochwertige Spritztechnik. Ob Selbstfahrer, Anh\u00e4ngerspritzen, Anbauspritzen, Spr\u00fchger\u00e4te oder Handbediener \u2013 Hardi bietet f\u00fcr jede Anwendung die passende L\u00f6sung. Mit innovativen Technologien sorgt Hardi f\u00fcr effizienten, pr\u00e4zisen und ressourcenschonenden Einsatz von Pflanzenschutzmitteln. Dies tr\u00e4gt nicht nur zur Ertragssteigerung bei, sondern schont auch die Umwelt.<\/p>\n\n\n\n<div class=\"wp-block-columns is-layout-flex wp-container-core-columns-layout-1 wp-block-columns-is-layout-flex\">\n<div class=\"wp-block-column is-layout-flow wp-block-column-is-layout-flow\">\n<figure class=\"wp-block-image size-full\"><img loading=\"lazy\" decoding=\"async\" width=\"1280\" height=\"720\" src=\"https:\/\/www.baeuerlein-landtechnik.de\/wp-content\/uploads\/2023\/01\/Hardi.webp\" alt=\"\" class=\"wp-image-508\"\/><\/figure>\n<\/div>\n\n\n\n<div class=\"wp-block-column is-layout-flow wp-block-column-is-layout-flow\">\n<figure class=\"wp-block-image size-full\"><img loading=\"lazy\" decoding=\"async\" width=\"1280\" height=\"720\" src=\"https:\/\/www.baeuerlein-landtechnik.de\/wp-content\/uploads\/2023\/01\/Hardimaster-frontpage-compact-design.webp\" alt=\"\" class=\"wp-image-507\"\/><\/figure>\n<\/div>\n<\/div>\n","protected":false},"excerpt":{"rendered":"<p>Hardi \u2013 Pr\u00e4zision im Pflanzenschutz. Hardi ist Ihr zuverl\u00e4ssiger Partner f\u00fcr hochwertige Spritztechnik. Ob Selbstfahrer, Anh\u00e4ngerspritzen, Anbauspritzen, Spr\u00fchger\u00e4te oder Handbediener \u2013 Hardi bietet f\u00fcr jede Anwendung die passende L\u00f6sung. Mit innovativen Technologien sorgt Hardi f\u00fcr effizienten, pr\u00e4zisen und ressourcenschonenden Einsatz von Pflanzenschutzmitteln. Dies tr\u00e4gt nicht nur zur Ertragssteigerung bei, sondern schont auch die Umwelt.<\/p>\n","protected":false},"author":1,"featured_media":0,"parent":0,"menu_order":0,"comment_status":"closed","ping_status":"closed","template":"","meta":{"footnotes":""},"_links":{"self":[{"href":"https:\/\/www.baeuerlein-landtechnik.de\/index.php?rest_route=\/wp\/v2\/pages\/1492"}],"collection":[{"href":"https:\/\/www.baeuerlein-landtechnik.de\/index.php?rest_route=\/wp\/v2\/pages"}],"about":[{"href":"https:\/\/www.baeuerlein-landtechnik.de\/index.php?rest_route=\/wp\/v2\/types\/page"}],"author":[{"embeddable":true,"href":"https:\/\/www.baeuerlein-landtechnik.de\/index.php?rest_route=\/wp\/v2\/users\/1"}],"replies":[{"embeddable":true,"href":"https:\/\/www.baeuerlein-landtechnik.de\/index.php?rest_route=%2Fwp%2Fv2%2Fcomments&post=1492"}],"version-history":[{"count":9,"href":"https:\/\/www.baeuerlein-landtechnik.de\/index.php?rest_route=\/wp\/v2\/pages\/1492\/revisions"}],"predecessor-version":[{"id":1779,"href":"https:\/\/www.baeuerlein-landtechnik.de\/index.php?rest_route=\/wp\/v2\/pages\/1492\/revisions\/1779"}],"wp:attachment":[{"href":"https:\/\/www.baeuerlein-landtechnik.de\/index.php?rest_route=%2Fwp%2Fv2%2Fmedia&parent=1492"}],"curies":[{"name":"wp","href":"https:\/\/api.w.org\/{rel}","templated":true}]}}