{"id":1496,"date":"2024-02-08T09:52:12","date_gmt":"2024-02-08T08:52:12","guid":{"rendered":"https:\/\/www.baeuerlein-landtechnik.de\/?page_id=1496"},"modified":"2025-07-09T11:29:25","modified_gmt":"2025-07-09T09:29:25","slug":"bergtoys","status":"publish","type":"page","link":"https:\/\/www.baeuerlein-landtechnik.de\/?page_id=1496","title":{"rendered":"BergToys"},"content":{"rendered":"\n<div class=\"wp-block-group is-layout-constrained wp-block-group-is-layout-constrained\"><div class=\"wp-block-group__inner-container\">\n<p class=\"has-text-align-left\"><strong>BergToys &#8211; The outdoors is yours.<\/strong><\/p>\n\n\n\n<p class=\"has-text-align-left\">Berg Toys steht f\u00fcr innovative, sichere und langlebige Outdoor-Spielger\u00e4te, die Kindern und Erwachsenen gleicherma\u00dfen Freude bereiten. Mit einem Fokus auf Qualit\u00e4t und Nachhaltigkeit ist das Unternehmen eine ausgezeichnete Wahl f\u00fcr alle, die Wert auf hochwertiges Spielzeug legen. <\/p>\n<\/div><\/div>\n\n\n\n<figure class=\"wp-block-image size-full\"><img loading=\"lazy\" decoding=\"async\" width=\"1204\" height=\"326\" src=\"https:\/\/www.baeuerlein-landtechnik.de\/wp-content\/uploads\/2023\/02\/BergToys1.png\" alt=\"\" class=\"wp-image-742\"\/><\/figure>\n\n\n\n<figure class=\"wp-block-image size-full\"><img loading=\"lazy\" decoding=\"async\" width=\"1201\" height=\"329\" src=\"https:\/\/www.baeuerlein-landtechnik.de\/wp-content\/uploads\/2023\/02\/BergToys2.png\" alt=\"\" class=\"wp-image-741\"\/><\/figure>\n","protected":false},"excerpt":{"rendered":"<p>BergToys &#8211; The outdoors is yours. Berg Toys steht f\u00fcr innovative, sichere und langlebige Outdoor-Spielger\u00e4te, die Kindern und Erwachsenen gleicherma\u00dfen Freude bereiten. Mit einem Fokus auf Qualit\u00e4t und Nachhaltigkeit ist das Unternehmen eine ausgezeichnete Wahl f\u00fcr alle, die Wert auf hochwertiges Spielzeug legen.<\/p>\n","protected":false},"author":1,"featured_media":0,"parent":0,"menu_order":0,"comment_status":"closed","ping_status":"closed","template":"","meta":{"footnotes":""},"_links":{"self":[{"href":"https:\/\/www.baeuerlein-landtechnik.de\/index.php?rest_route=\/wp\/v2\/pages\/1496"}],"collection":[{"href":"https:\/\/www.baeuerlein-landtechnik.de\/index.php?rest_route=\/wp\/v2\/pages"}],"about":[{"href":"https:\/\/www.baeuerlein-landtechnik.de\/index.php?rest_route=\/wp\/v2\/types\/page"}],"author":[{"embeddable":true,"href":"https:\/\/www.baeuerlein-landtechnik.de\/index.php?rest_route=\/wp\/v2\/users\/1"}],"replies":[{"embeddable":true,"href":"https:\/\/www.baeuerlein-landtechnik.de\/index.php?rest_route=%2Fwp%2Fv2%2Fcomments&post=1496"}],"version-history":[{"count":17,"href":"https:\/\/www.baeuerlein-landtechnik.de\/index.php?rest_route=\/wp\/v2\/pages\/1496\/revisions"}],"predecessor-version":[{"id":1772,"href":"https:\/\/www.baeuerlein-landtechnik.de\/index.php?rest_route=\/wp\/v2\/pages\/1496\/revisions\/1772"}],"wp:attachment":[{"href":"https:\/\/www.baeuerlein-landtechnik.de\/index.php?rest_route=%2Fwp%2Fv2%2Fmedia&parent=1496"}],"curies":[{"name":"wp","href":"https:\/\/api.w.org\/{rel}","templated":true}]}}