{"id":1501,"date":"2024-02-08T09:52:54","date_gmt":"2024-02-08T08:52:54","guid":{"rendered":"https:\/\/www.baeuerlein-landtechnik.de\/?page_id=1501"},"modified":"2025-07-09T11:34:26","modified_gmt":"2025-07-09T09:34:26","slug":"reck","status":"publish","type":"page","link":"https:\/\/www.baeuerlein-landtechnik.de\/?page_id=1501","title":{"rendered":"Reck"},"content":{"rendered":"\n<p class=\"has-text-align-left has-medium-font-size\"><strong>Reck \u2013 Ihr Spezialist f\u00fcr Siliertechnik &amp; R\u00fchrtechnik.<\/strong><\/p>\n\n\n\n<p class=\"has-text-align-left\">Die Reck Agrartechnik ist ein international t\u00e4tiges Familienunternehmen in Baden-W\u00fcrttemberg. Seit Jahrzehnten steht der Name Reck f\u00fcr Innovation, Qualit\u00e4t und Zuverl\u00e4ssigkeit in der Agrartechnik. Reck ist f\u00fchrend bei der Herstellung von Siloverteilern, Silowalzen und Siloschnecken &#8211; f\u00fcr eine gleichm\u00e4\u00dfige Verteilung und optimale Verdichtung des Siloguts. Im Bereich der G\u00fclle- und Biogasr\u00fchrtechnik bietet Reck eine breite Palette an elektrisch, hydraulisch und traktorbetriebenen R\u00fchrwerken. Ob G\u00fcllegrube oder Fermenter &#8211; die leistungsf\u00e4higen R\u00fchrwerke sorgen f\u00fcr effiziente Durchmischung und optimale Prozessbedingungen. <\/p>\n\n\n\n<p><\/p>\n\n\n\n<figure class=\"wp-block-image size-full\"><img loading=\"lazy\" decoding=\"async\" width=\"1840\" height=\"1035\" src=\"https:\/\/www.baeuerlein-landtechnik.de\/wp-content\/uploads\/2023\/02\/Reck-taifun_home2.1840x1035.jpg\" alt=\"\" class=\"wp-image-708\"\/><\/figure>\n","protected":false},"excerpt":{"rendered":"<p>Reck \u2013 Ihr Spezialist f\u00fcr Siliertechnik &amp; R\u00fchrtechnik. Die Reck Agrartechnik ist ein international t\u00e4tiges Familienunternehmen in Baden-W\u00fcrttemberg. Seit Jahrzehnten steht der Name Reck f\u00fcr Innovation, Qualit\u00e4t und Zuverl\u00e4ssigkeit in der Agrartechnik. Reck ist f\u00fchrend bei der Herstellung von Siloverteilern, Silowalzen und Siloschnecken &#8211; f\u00fcr eine gleichm\u00e4\u00dfige Verteilung und optimale Verdichtung des Siloguts. Im Bereich [&hellip;]<\/p>\n","protected":false},"author":1,"featured_media":0,"parent":0,"menu_order":0,"comment_status":"closed","ping_status":"closed","template":"","meta":{"footnotes":""},"_links":{"self":[{"href":"https:\/\/www.baeuerlein-landtechnik.de\/index.php?rest_route=\/wp\/v2\/pages\/1501"}],"collection":[{"href":"https:\/\/www.baeuerlein-landtechnik.de\/index.php?rest_route=\/wp\/v2\/pages"}],"about":[{"href":"https:\/\/www.baeuerlein-landtechnik.de\/index.php?rest_route=\/wp\/v2\/types\/page"}],"author":[{"embeddable":true,"href":"https:\/\/www.baeuerlein-landtechnik.de\/index.php?rest_route=\/wp\/v2\/users\/1"}],"replies":[{"embeddable":true,"href":"https:\/\/www.baeuerlein-landtechnik.de\/index.php?rest_route=%2Fwp%2Fv2%2Fcomments&post=1501"}],"version-history":[{"count":5,"href":"https:\/\/www.baeuerlein-landtechnik.de\/index.php?rest_route=\/wp\/v2\/pages\/1501\/revisions"}],"predecessor-version":[{"id":1780,"href":"https:\/\/www.baeuerlein-landtechnik.de\/index.php?rest_route=\/wp\/v2\/pages\/1501\/revisions\/1780"}],"wp:attachment":[{"href":"https:\/\/www.baeuerlein-landtechnik.de\/index.php?rest_route=%2Fwp%2Fv2%2Fmedia&parent=1501"}],"curies":[{"name":"wp","href":"https:\/\/api.w.org\/{rel}","templated":true}]}}