{"id":1564,"date":"2024-02-08T11:24:22","date_gmt":"2024-02-08T10:24:22","guid":{"rendered":"https:\/\/www.baeuerlein-landtechnik.de\/?page_id=1564"},"modified":"2025-07-09T11:31:52","modified_gmt":"2025-07-09T09:31:52","slug":"barthau","status":"publish","type":"page","link":"https:\/\/www.baeuerlein-landtechnik.de\/?page_id=1564","title":{"rendered":"Barthau"},"content":{"rendered":"\n<p class=\"has-text-align-left\"><strong>Barthau &#8211; Immer eine Anh\u00e4ngerl\u00e4nge voraus<\/strong>.<br><br>Die Barthau Anh\u00e4ngerbau GmbH fertigt seit 1966 Anh\u00e4nger und \u00fcberzeugt durch ein vielf\u00e4ltiges Programm an Transportl\u00f6sungen. Qualit\u00e4t und Sicherheit sind oberste Priorit\u00e4t im Hause Barthau. Unfallbesch\u00e4digte Teile k\u00f6nnen auch nach vielen Jahren ausgebaut und durch neue verzinkte Teile ersetzt werden, ohne dass am Anh\u00e4nger geschwei\u00dft werden muss und die Verzinkung besch\u00e4digt wird. Alle tragenden Teile sind geschraubt und nicht vernietet.\u00a0<\/p>\n\n\n\n<ul>\n<li>Kastenanh\u00e4nger<\/li>\n\n\n\n<li>Hochlader<\/li>\n\n\n\n<li>kippbare Anh\u00e4nger<\/li>\n\n\n\n<li>absenkbare Anh\u00e4nger<\/li>\n\n\n\n<li>Quadanh\u00e4nger<\/li>\n\n\n\n<li>Zweiradtransporter<\/li>\n\n\n\n<li>Fahrzeugtransporter<\/li>\n\n\n\n<li>Tiertransporter<\/li>\n\n\n\n<li>Kofferanh\u00e4nger<\/li>\n\n\n\n<li>Baumaschinenanh\u00e4nger<\/li>\n\n\n\n<li>Aluminium-Auffahrrampen<\/li>\n\n\n\n<li>Pritschenaufbau f\u00fcr Leicht-LKW<\/li>\n<\/ul>\n\n\n\n<div class=\"wp-block-columns is-layout-flex wp-container-core-columns-layout-1 wp-block-columns-is-layout-flex\">\n<div class=\"wp-block-column is-layout-flow wp-block-column-is-layout-flow\">\n<figure class=\"wp-block-image size-large\"><img loading=\"lazy\" decoding=\"async\" width=\"1024\" height=\"576\" src=\"https:\/\/www.baeuerlein-landtechnik.de\/wp-content\/uploads\/2024\/02\/Barthau-1-1024x576.jpg\" alt=\"\" class=\"wp-image-1582\" srcset=\"https:\/\/www.baeuerlein-landtechnik.de\/wp-content\/uploads\/2024\/02\/Barthau-1-1024x576.jpg 1024w, https:\/\/www.baeuerlein-landtechnik.de\/wp-content\/uploads\/2024\/02\/Barthau-1-300x169.jpg 300w, https:\/\/www.baeuerlein-landtechnik.de\/wp-content\/uploads\/2024\/02\/Barthau-1-768x432.jpg 768w, https:\/\/www.baeuerlein-landtechnik.de\/wp-content\/uploads\/2024\/02\/Barthau-1.jpg 1280w\" sizes=\"(max-width: 1024px) 100vw, 1024px\" \/><\/figure>\n<\/div>\n<\/div>\n","protected":false},"excerpt":{"rendered":"<p>Barthau &#8211; Immer eine Anh\u00e4ngerl\u00e4nge voraus. Die Barthau Anh\u00e4ngerbau GmbH fertigt seit 1966 Anh\u00e4nger und \u00fcberzeugt durch ein vielf\u00e4ltiges Programm an Transportl\u00f6sungen. Qualit\u00e4t und Sicherheit sind oberste Priorit\u00e4t im Hause Barthau. Unfallbesch\u00e4digte Teile k\u00f6nnen auch nach vielen Jahren ausgebaut und durch neue verzinkte Teile ersetzt werden, ohne dass am Anh\u00e4nger geschwei\u00dft werden muss und die [&hellip;]<\/p>\n","protected":false},"author":1,"featured_media":0,"parent":0,"menu_order":0,"comment_status":"closed","ping_status":"closed","template":"","meta":{"footnotes":""},"_links":{"self":[{"href":"https:\/\/www.baeuerlein-landtechnik.de\/index.php?rest_route=\/wp\/v2\/pages\/1564"}],"collection":[{"href":"https:\/\/www.baeuerlein-landtechnik.de\/index.php?rest_route=\/wp\/v2\/pages"}],"about":[{"href":"https:\/\/www.baeuerlein-landtechnik.de\/index.php?rest_route=\/wp\/v2\/types\/page"}],"author":[{"embeddable":true,"href":"https:\/\/www.baeuerlein-landtechnik.de\/index.php?rest_route=\/wp\/v2\/users\/1"}],"replies":[{"embeddable":true,"href":"https:\/\/www.baeuerlein-landtechnik.de\/index.php?rest_route=%2Fwp%2Fv2%2Fcomments&post=1564"}],"version-history":[{"count":9,"href":"https:\/\/www.baeuerlein-landtechnik.de\/index.php?rest_route=\/wp\/v2\/pages\/1564\/revisions"}],"predecessor-version":[{"id":1775,"href":"https:\/\/www.baeuerlein-landtechnik.de\/index.php?rest_route=\/wp\/v2\/pages\/1564\/revisions\/1775"}],"wp:attachment":[{"href":"https:\/\/www.baeuerlein-landtechnik.de\/index.php?rest_route=%2Fwp%2Fv2%2Fmedia&parent=1564"}],"curies":[{"name":"wp","href":"https:\/\/api.w.org\/{rel}","templated":true}]}}