{"id":16,"date":"2022-11-21T14:07:17","date_gmt":"2022-11-21T13:07:17","guid":{"rendered":"http:\/\/www.ltechnik.intern\/wp\/?page_id=16"},"modified":"2025-08-29T09:56:32","modified_gmt":"2025-08-29T07:56:32","slug":"kontakt","status":"publish","type":"page","link":"https:\/\/www.baeuerlein-landtechnik.de\/?page_id=16","title":{"rendered":"Kontakt"},"content":{"rendered":"\n<div class=\"wp-block-columns is-layout-flex wp-container-core-columns-layout-1 wp-block-columns-is-layout-flex\">\n<div class=\"wp-block-column is-vertically-aligned-center is-layout-flow wp-block-column-is-layout-flow\" style=\"flex-basis:50%\">\n<iframe src=\"https:\/\/www.google.com\/maps\/embed?pb=!1m18!1m12!1m3!1d1300.7551804850489!2d10.301194916526534!3d49.304617821939345!2m3!1f0!2f0!3f0!3m2!1i1024!2i768!4f13.1!3m3!1m2!1s0x479896b87cbeec73%3A0xe4a04224c25a9883!2sB%C3%A4uerlein%20Landtechnik!5e0!3m2!1sde!2sde!4v1688977830194!5m2!1sde!2sde\" width=\"400\" height=\"300\" style=\"border:0;\" allowfullscreen=\"\" loading=\"lazy\" referrerpolicy=\"no-referrer-when-downgrade\"><\/iframe>\n<\/div>\n<\/div>\n\n\n\n<p><\/p>\n\n\n\n<div class=\"wp-block-columns is-layout-flex wp-container-core-columns-layout-2 wp-block-columns-is-layout-flex\">\n<div class=\"wp-block-column is-layout-flow wp-block-column-is-layout-flow\">\n<figure class=\"wp-block-image size-large\"><img loading=\"lazy\" decoding=\"async\" width=\"683\" height=\"1024\" src=\"https:\/\/www.baeuerlein-landtechnik.de\/wp-content\/uploads\/2024\/02\/Matthias-5-683x1024.jpg\" alt=\"\" class=\"wp-image-1393\" srcset=\"https:\/\/www.baeuerlein-landtechnik.de\/wp-content\/uploads\/2024\/02\/Matthias-5-683x1024.jpg 683w, https:\/\/www.baeuerlein-landtechnik.de\/wp-content\/uploads\/2024\/02\/Matthias-5-200x300.jpg 200w, https:\/\/www.baeuerlein-landtechnik.de\/wp-content\/uploads\/2024\/02\/Matthias-5-768x1152.jpg 768w, https:\/\/www.baeuerlein-landtechnik.de\/wp-content\/uploads\/2024\/02\/Matthias-5-1024x1536.jpg 1024w, https:\/\/www.baeuerlein-landtechnik.de\/wp-content\/uploads\/2024\/02\/Matthias-5-1365x2048.jpg 1365w, https:\/\/www.baeuerlein-landtechnik.de\/wp-content\/uploads\/2024\/02\/Matthias-5-scaled.jpg 1706w\" sizes=\"(max-width: 683px) 100vw, 683px\" \/><figcaption class=\"wp-element-caption\">Gesch\u00e4ftsf\u00fchrung<br>Matthias B\u00e4uerlein<br>09868 426<br>matthias.baeuerlein@baeuerlein-landtechnik.de<\/figcaption><\/figure>\n<\/div>\n\n\n\n<div class=\"wp-block-column is-layout-flow wp-block-column-is-layout-flow\"><\/div>\n<\/div>\n\n\n\n<p><\/p>\n\n\n\n<div class=\"wp-block-columns is-layout-flex wp-container-core-columns-layout-3 wp-block-columns-is-layout-flex\">\n<div class=\"wp-block-column is-layout-flow wp-block-column-is-layout-flow\">\n<figure class=\"wp-block-image size-large\"><img loading=\"lazy\" decoding=\"async\" width=\"692\" height=\"1024\" src=\"https:\/\/www.baeuerlein-landtechnik.de\/wp-content\/uploads\/2024\/02\/Gerhard-Baeuerlein-5-692x1024.jpg\" alt=\"\" class=\"wp-image-1346\" srcset=\"https:\/\/www.baeuerlein-landtechnik.de\/wp-content\/uploads\/2024\/02\/Gerhard-Baeuerlein-5-692x1024.jpg 692w, https:\/\/www.baeuerlein-landtechnik.de\/wp-content\/uploads\/2024\/02\/Gerhard-Baeuerlein-5-203x300.jpg 203w, https:\/\/www.baeuerlein-landtechnik.de\/wp-content\/uploads\/2024\/02\/Gerhard-Baeuerlein-5-768x1137.jpg 768w, https:\/\/www.baeuerlein-landtechnik.de\/wp-content\/uploads\/2024\/02\/Gerhard-Baeuerlein-5-1037x1536.jpg 1037w, https:\/\/www.baeuerlein-landtechnik.de\/wp-content\/uploads\/2024\/02\/Gerhard-Baeuerlein-5-1383x2048.jpg 1383w, https:\/\/www.baeuerlein-landtechnik.de\/wp-content\/uploads\/2024\/02\/Gerhard-Baeuerlein-5-scaled.jpg 1729w\" sizes=\"(max-width: 692px) 100vw, 692px\" \/><figcaption class=\"wp-element-caption\">Beratung &amp; Verkauf<br>Gerhard B\u00e4uerlein<br>0171 7726005<br>gerhard.baeuerlein@baeuerlein-landtechnik.de<\/figcaption><\/figure>\n<\/div>\n\n\n\n<div class=\"wp-block-column is-layout-flow wp-block-column-is-layout-flow\"><\/div>\n<\/div>\n\n\n\n<p><\/p>\n\n\n\n<div class=\"wp-block-columns is-layout-flex wp-container-core-columns-layout-4 wp-block-columns-is-layout-flex\">\n<div class=\"wp-block-column is-layout-flow wp-block-column-is-layout-flow\">\n<figure class=\"wp-block-image size-large\"><img loading=\"lazy\" decoding=\"async\" width=\"686\" height=\"1024\" src=\"https:\/\/www.baeuerlein-landtechnik.de\/wp-content\/uploads\/2024\/02\/Josia-Doeppert-1-686x1024.jpg\" alt=\"\" class=\"wp-image-1318\" srcset=\"https:\/\/www.baeuerlein-landtechnik.de\/wp-content\/uploads\/2024\/02\/Josia-Doeppert-1-686x1024.jpg 686w, https:\/\/www.baeuerlein-landtechnik.de\/wp-content\/uploads\/2024\/02\/Josia-Doeppert-1-201x300.jpg 201w, https:\/\/www.baeuerlein-landtechnik.de\/wp-content\/uploads\/2024\/02\/Josia-Doeppert-1-768x1147.jpg 768w, https:\/\/www.baeuerlein-landtechnik.de\/wp-content\/uploads\/2024\/02\/Josia-Doeppert-1-1028x1536.jpg 1028w, https:\/\/www.baeuerlein-landtechnik.de\/wp-content\/uploads\/2024\/02\/Josia-Doeppert-1-1371x2048.jpg 1371w, https:\/\/www.baeuerlein-landtechnik.de\/wp-content\/uploads\/2024\/02\/Josia-Doeppert-1-scaled.jpg 1714w\" sizes=\"(max-width: 686px) 100vw, 686px\" \/><figcaption class=\"wp-element-caption\">Werkstattleitung            <br>Josia D\u00f6ppert <br>09868 426-3<br>werkstatt@baeuerlein-landtechnik.de<br><\/figcaption><\/figure>\n<\/div>\n\n\n\n<div class=\"wp-block-column is-layout-flow wp-block-column-is-layout-flow\">\n<figure class=\"wp-block-image size-large\"><img loading=\"lazy\" decoding=\"async\" width=\"683\" height=\"1024\" src=\"https:\/\/www.baeuerlein-landtechnik.de\/wp-content\/uploads\/2024\/02\/Steffen-Bayer-683x1024.jpg\" alt=\"\" class=\"wp-image-1317\" srcset=\"https:\/\/www.baeuerlein-landtechnik.de\/wp-content\/uploads\/2024\/02\/Steffen-Bayer-683x1024.jpg 683w, https:\/\/www.baeuerlein-landtechnik.de\/wp-content\/uploads\/2024\/02\/Steffen-Bayer-200x300.jpg 200w, https:\/\/www.baeuerlein-landtechnik.de\/wp-content\/uploads\/2024\/02\/Steffen-Bayer-768x1152.jpg 768w, https:\/\/www.baeuerlein-landtechnik.de\/wp-content\/uploads\/2024\/02\/Steffen-Bayer-1024x1536.jpg 1024w, https:\/\/www.baeuerlein-landtechnik.de\/wp-content\/uploads\/2024\/02\/Steffen-Bayer-1365x2048.jpg 1365w, https:\/\/www.baeuerlein-landtechnik.de\/wp-content\/uploads\/2024\/02\/Steffen-Bayer-scaled.jpg 1707w\" sizes=\"(max-width: 683px) 100vw, 683px\" \/><figcaption class=\"wp-element-caption\">PLM<br>Steffen Bayer<br>09868 426-3<br>werkstatt@baeuerlein-landtechnik.de<br><br><\/figcaption><\/figure>\n<\/div>\n<\/div>\n\n\n\n<div class=\"wp-block-columns is-layout-flex wp-container-core-columns-layout-5 wp-block-columns-is-layout-flex\">\n<div class=\"wp-block-column is-layout-flow wp-block-column-is-layout-flow\">\n<figure class=\"wp-block-image size-large\"><img loading=\"lazy\" decoding=\"async\" width=\"683\" height=\"1024\" src=\"https:\/\/www.baeuerlein-landtechnik.de\/wp-content\/uploads\/2024\/02\/Thomas-Hofmann-1-683x1024.jpg\" alt=\"\" class=\"wp-image-1352\" srcset=\"https:\/\/www.baeuerlein-landtechnik.de\/wp-content\/uploads\/2024\/02\/Thomas-Hofmann-1-683x1024.jpg 683w, https:\/\/www.baeuerlein-landtechnik.de\/wp-content\/uploads\/2024\/02\/Thomas-Hofmann-1-200x300.jpg 200w, https:\/\/www.baeuerlein-landtechnik.de\/wp-content\/uploads\/2024\/02\/Thomas-Hofmann-1-768x1152.jpg 768w, https:\/\/www.baeuerlein-landtechnik.de\/wp-content\/uploads\/2024\/02\/Thomas-Hofmann-1-1024x1536.jpg 1024w, https:\/\/www.baeuerlein-landtechnik.de\/wp-content\/uploads\/2024\/02\/Thomas-Hofmann-1-1365x2048.jpg 1365w, https:\/\/www.baeuerlein-landtechnik.de\/wp-content\/uploads\/2024\/02\/Thomas-Hofmann-1-scaled.jpg 1707w\" sizes=\"(max-width: 683px) 100vw, 683px\" \/><figcaption class=\"wp-element-caption\">Lager &amp; Ersatzteile<br>Thomas Hofmann<br>09868 426-2<br>lager@baeuerlein-landtechnik.de<\/figcaption><\/figure>\n<\/div>\n\n\n\n<div class=\"wp-block-column is-layout-flow wp-block-column-is-layout-flow\">\n<figure class=\"wp-block-image size-large\"><img loading=\"lazy\" decoding=\"async\" width=\"704\" height=\"1024\" src=\"https:\/\/www.baeuerlein-landtechnik.de\/wp-content\/uploads\/2024\/02\/Jan-Hautum-1-704x1024.jpg\" alt=\"\" class=\"wp-image-1353\" srcset=\"https:\/\/www.baeuerlein-landtechnik.de\/wp-content\/uploads\/2024\/02\/Jan-Hautum-1-704x1024.jpg 704w, https:\/\/www.baeuerlein-landtechnik.de\/wp-content\/uploads\/2024\/02\/Jan-Hautum-1-206x300.jpg 206w, https:\/\/www.baeuerlein-landtechnik.de\/wp-content\/uploads\/2024\/02\/Jan-Hautum-1-768x1117.jpg 768w, https:\/\/www.baeuerlein-landtechnik.de\/wp-content\/uploads\/2024\/02\/Jan-Hautum-1-1056x1536.jpg 1056w, https:\/\/www.baeuerlein-landtechnik.de\/wp-content\/uploads\/2024\/02\/Jan-Hautum-1-1408x2048.jpg 1408w, https:\/\/www.baeuerlein-landtechnik.de\/wp-content\/uploads\/2024\/02\/Jan-Hautum-1-scaled.jpg 1760w\" sizes=\"(max-width: 704px) 100vw, 704px\" \/><figcaption class=\"wp-element-caption\">Lager &amp; Ersatzteile<br>Jan Hautum <br>09868 426-2<br>lager@baeuerlein-landtechnik.de<\/figcaption><\/figure>\n<\/div>\n<\/div>\n\n\n\n<p><\/p>\n\n\n\n<blockquote class=\"wp-block-quote\">\n<div class=\"wp-block-columns is-layout-flex wp-container-core-columns-layout-6 wp-block-columns-is-layout-flex\">\n<div class=\"wp-block-column is-layout-flow wp-block-column-is-layout-flow\">\n<figure class=\"wp-block-image size-large\"><img loading=\"lazy\" decoding=\"async\" width=\"684\" height=\"1024\" src=\"https:\/\/www.baeuerlein-landtechnik.de\/wp-content\/uploads\/2024\/02\/Monika-Baeuerlein-684x1024.jpg\" alt=\"\" class=\"wp-image-1327\" srcset=\"https:\/\/www.baeuerlein-landtechnik.de\/wp-content\/uploads\/2024\/02\/Monika-Baeuerlein-684x1024.jpg 684w, https:\/\/www.baeuerlein-landtechnik.de\/wp-content\/uploads\/2024\/02\/Monika-Baeuerlein-200x300.jpg 200w, https:\/\/www.baeuerlein-landtechnik.de\/wp-content\/uploads\/2024\/02\/Monika-Baeuerlein-768x1150.jpg 768w, https:\/\/www.baeuerlein-landtechnik.de\/wp-content\/uploads\/2024\/02\/Monika-Baeuerlein-1026x1536.jpg 1026w, https:\/\/www.baeuerlein-landtechnik.de\/wp-content\/uploads\/2024\/02\/Monika-Baeuerlein-1368x2048.jpg 1368w, https:\/\/www.baeuerlein-landtechnik.de\/wp-content\/uploads\/2024\/02\/Monika-Baeuerlein-scaled.jpg 1710w\" sizes=\"(max-width: 684px) 100vw, 684px\" \/><figcaption class=\"wp-element-caption\">Abrechnung<br>Monika B\u00e4uerlein<br>09868 426<br>info@baeuerlein-landtechnik.de<br><\/figcaption><\/figure>\n<\/div>\n\n\n\n<div class=\"wp-block-column is-layout-flow wp-block-column-is-layout-flow\"><\/div>\n<\/div>\n<\/blockquote>\n\n\n\n<p><\/p>\n\n\n\n<p class=\"has-text-align-left has-background\" style=\"background-color:#d9e6f2\"><strong>Ihr Anliegen in den richtigen H\u00e4nden!<\/strong><br><br>Nutzen Sie unser Formular f\u00fcr Ihre zielgerichtete Kontaktaufnahme mit der zust\u00e4ndigen <br>Abteilung. Sie haben eine Frage oder ein Anliegen an uns?&nbsp;<br><br>Schreiben&nbsp;Sie uns eine Nachricht \u2013 wir sind gerne f\u00fcr Sie da:<\/p>\n\n\n\n<div class=\"wp-block-columns is-layout-flex wp-container-core-columns-layout-8 wp-block-columns-is-layout-flex\">\n<div class=\"wp-block-column is-layout-flow wp-block-column-is-layout-flow\" style=\"flex-basis:25%\">\n<div class=\"wp-block-columns is-layout-flex wp-container-core-columns-layout-7 wp-block-columns-is-layout-flex\">\n<div class=\"wp-block-column is-layout-flow wp-block-column-is-layout-flow\"><\/div>\n\n\n\n<div class=\"wp-block-column is-layout-flow wp-block-column-is-layout-flow\"><\/div>\n<\/div>\n<\/div>\n\n\n\n<div class=\"wp-block-column is-layout-flow wp-block-column-is-layout-flow\" style=\"flex-basis:50%\">\n<div class=\"wp-block-contact-form-7-contact-form-selector\">\n<div class=\"wpcf7 no-js\" id=\"wpcf7-f1043-o1\" lang=\"de-DE\" dir=\"ltr\">\n<div class=\"screen-reader-response\"><p role=\"status\" aria-live=\"polite\" aria-atomic=\"true\"><\/p> <ul><\/ul><\/div>\n<form action=\"\/index.php?rest_route=%2Fwp%2Fv2%2Fpages%2F16#wpcf7-f1043-o1\" method=\"post\" class=\"wpcf7-form init\" aria-label=\"Kontaktformular\" novalidate=\"novalidate\" data-status=\"init\">\n<div style=\"display: none;\">\n<input type=\"hidden\" name=\"_wpcf7\" value=\"1043\" \/>\n<input type=\"hidden\" name=\"_wpcf7_version\" value=\"5.9.8\" \/>\n<input type=\"hidden\" name=\"_wpcf7_locale\" value=\"de_DE\" \/>\n<input type=\"hidden\" name=\"_wpcf7_unit_tag\" value=\"wpcf7-f1043-o1\" \/>\n<input type=\"hidden\" name=\"_wpcf7_container_post\" value=\"0\" \/>\n<input type=\"hidden\" name=\"_wpcf7_posted_data_hash\" value=\"\" \/>\n<\/div>\n<p><label> Name<br \/>\n<span class=\"wpcf7-form-control-wrap\" data-name=\"your-name\"><input size=\"40\" maxlength=\"400\" class=\"wpcf7-form-control wpcf7-text wpcf7-validates-as-required\" autocomplete=\"name\" aria-required=\"true\" aria-invalid=\"false\" value=\"\" type=\"text\" name=\"your-name\" \/><\/span> <\/label>\n<\/p>\n<p><label> E-Mail-Adresse<br \/>\n<span class=\"wpcf7-form-control-wrap\" data-name=\"your-email\"><input size=\"40\" maxlength=\"400\" class=\"wpcf7-form-control wpcf7-email wpcf7-validates-as-required wpcf7-text wpcf7-validates-as-email\" autocomplete=\"email\" aria-required=\"true\" aria-invalid=\"false\" value=\"\" type=\"email\" name=\"your-email\" \/><\/span> <\/label>\n<\/p>\n<p><label> Telefonnummer<br \/>\n<span class=\"wpcf7-form-control-wrap\" data-name=\"tel\"><input size=\"40\" maxlength=\"400\" class=\"wpcf7-form-control wpcf7-text wpcf7-validates-as-required\" aria-required=\"true\" aria-invalid=\"false\" value=\"\" type=\"text\" name=\"tel\" \/><\/span> <\/label>\n<\/p>\n<p><label> Nachricht<br \/>\n<span class=\"wpcf7-form-control-wrap\" data-name=\"your-message\"><textarea cols=\"40\" rows=\"10\" maxlength=\"2000\" class=\"wpcf7-form-control wpcf7-textarea\" aria-invalid=\"false\" name=\"your-message\"><\/textarea><\/span> <\/label>\n<\/p>\n<p><input class=\"wpcf7-form-control wpcf7-submit has-spinner\" type=\"submit\" value=\"Senden\" \/>\n<\/p><div class=\"wpcf7-response-output\" aria-hidden=\"true\"><\/div>\n<\/form>\n<\/div>\n<\/div>\n<\/div>\n\n\n\n<div class=\"wp-block-column is-layout-flow wp-block-column-is-layout-flow\" style=\"flex-basis:25%\"><\/div>\n<\/div>\n\n\n\n<p class=\"has-text-align-center\"><a href=\"https:\/\/www.baeuerlein-landtechnik.de\/?page_id=3\">Datenschutzerkl\u00e4rung<\/a><\/p>\n\n\n\n<p><\/p>\n\n\n\n<p><\/p>\n","protected":false},"excerpt":{"rendered":"<p>Ihr Anliegen in den richtigen H\u00e4nden! Nutzen Sie unser Formular f\u00fcr Ihre zielgerichtete Kontaktaufnahme mit der zust\u00e4ndigen Abteilung. Sie haben eine Frage oder ein Anliegen an uns?&nbsp; Schreiben&nbsp;Sie uns eine Nachricht \u2013 wir sind gerne f\u00fcr Sie da: Datenschutzerkl\u00e4rung<\/p>\n","protected":false},"author":1,"featured_media":0,"parent":0,"menu_order":0,"comment_status":"closed","ping_status":"closed","template":"","meta":{"footnotes":""},"_links":{"self":[{"href":"https:\/\/www.baeuerlein-landtechnik.de\/index.php?rest_route=\/wp\/v2\/pages\/16"}],"collection":[{"href":"https:\/\/www.baeuerlein-landtechnik.de\/index.php?rest_route=\/wp\/v2\/pages"}],"about":[{"href":"https:\/\/www.baeuerlein-landtechnik.de\/index.php?rest_route=\/wp\/v2\/types\/page"}],"author":[{"embeddable":true,"href":"https:\/\/www.baeuerlein-landtechnik.de\/index.php?rest_route=\/wp\/v2\/users\/1"}],"replies":[{"embeddable":true,"href":"https:\/\/www.baeuerlein-landtechnik.de\/index.php?rest_route=%2Fwp%2Fv2%2Fcomments&post=16"}],"version-history":[{"count":90,"href":"https:\/\/www.baeuerlein-landtechnik.de\/index.php?rest_route=\/wp\/v2\/pages\/16\/revisions"}],"predecessor-version":[{"id":1826,"href":"https:\/\/www.baeuerlein-landtechnik.de\/index.php?rest_route=\/wp\/v2\/pages\/16\/revisions\/1826"}],"wp:attachment":[{"href":"https:\/\/www.baeuerlein-landtechnik.de\/index.php?rest_route=%2Fwp%2Fv2%2Fmedia&parent=16"}],"curies":[{"name":"wp","href":"https:\/\/api.w.org\/{rel}","templated":true}]}}