{"id":1611,"date":"2025-08-29T10:29:02","date_gmt":"2025-08-29T08:29:02","guid":{"rendered":"https:\/\/www.baeuerlein-landtechnik.de\/?page_id=1611"},"modified":"2025-08-29T10:33:48","modified_gmt":"2025-08-29T08:33:48","slug":"mietpark","status":"publish","type":"page","link":"https:\/\/www.baeuerlein-landtechnik.de\/?page_id=1611","title":{"rendered":"Mietpark &#038; Vorf\u00fchrmaschinen"},"content":{"rendered":"\n<h4 class=\"wp-block-heading\">Mietpark &#8211; Ihre flexible L\u00f6sung f\u00fcr landwirtschaftliche Maschinen. <\/h4>\n\n\n\n<p>Unser Mietpark bietet Ihnen eine breite Auswahl an modernen und leistungsstarken Maschinen, die Sie nach Bedarf mieten k\u00f6nnen. Ob f\u00fcr Hochsaison, spezielle Aufgaben oder als \u00dcbergangsl\u00f6sung &#8211; wir stellen Ihnen die passende Technik zur Verf\u00fcgung. <\/p>\n\n\n\n<p><\/p>\n\n\n\n<p><strong>Unser Mietpark umfasst:<\/strong><\/p>\n\n\n\n<ul>\n<li>Traktoren (verschiedene Leistungsklassen, mit und ohne Anbauger\u00e4te)<\/li>\n\n\n\n<li>M\u00e4hdrescher <\/li>\n\n\n\n<li>Feldh\u00e4cksler<\/li>\n\n\n\n<li>Bodenbearbeitungsger\u00e4te (z. B. Pfl\u00fcge, Grubber, Eggen) <\/li>\n\n\n\n<li>Erntemaschinen<\/li>\n\n\n\n<li>Anbauger\u00e4te<\/li>\n<\/ul>\n\n\n\n<p>Alle Maschinen aus unserem Mietpark sind auf dem neuesten Stand der Technik, damit Sie Ihre Arbeit effizient und zuverl\u00e4ssig erledigen k\u00f6nnen. <\/p>\n\n\n\n<p><\/p>\n\n\n\n<h4 class=\"wp-block-heading\">Vorf\u00fchrmaschinen &#8211; Testen Sie unsere Maschinen vor dem Kauf <\/h4>\n\n\n\n<p>Bevor Sie sich f\u00fcr eine gr\u00f6\u00dfere Investition entscheiden, bieten wir Ihnen die M\u00f6glichkeit, Maschinen aus unserer Mietflotte vorab zu testen. So k\u00f6nnen Sie sicherstellen, dass die Technik perfekt auf Ihre Bed\u00fcrfnisse abgestimmt ist. <\/p>\n\n\n\n<p><strong>Verf\u00fcgbare Maschinen: <\/strong><\/p>\n\n\n\n<ul>\n<li>Traktoren und Spezialmaschinen f\u00fcr den Ackerbau <\/li>\n\n\n\n<li>M\u00e4hdrescher und Feldh\u00e4cksler <\/li>\n\n\n\n<li>Maschinen f\u00fcr die Gr\u00fcnlandbewirtschaftung <\/li>\n\n\n\n<li>Maschinen f\u00fcr den Lohnbetrieb<\/li>\n<\/ul>\n\n\n\n<p>Unsere Experten stehen Ihnen w\u00e4hrend der Vorf\u00fchrung mit Rat und Tat zur Seite und helfen Ihnen, die Maschine optimal zu nutzen. <\/p>\n\n\n\n<p><\/p>\n","protected":false},"excerpt":{"rendered":"<p>Mietpark &#8211; Ihre flexible L\u00f6sung f\u00fcr landwirtschaftliche Maschinen. Unser Mietpark bietet Ihnen eine breite Auswahl an modernen und leistungsstarken Maschinen, die Sie nach Bedarf mieten k\u00f6nnen. Ob f\u00fcr Hochsaison, spezielle Aufgaben oder als \u00dcbergangsl\u00f6sung &#8211; wir stellen Ihnen die passende Technik zur Verf\u00fcgung. Unser Mietpark umfasst: Alle Maschinen aus unserem Mietpark sind auf dem neuesten [&hellip;]<\/p>\n","protected":false},"author":1,"featured_media":0,"parent":0,"menu_order":0,"comment_status":"closed","ping_status":"closed","template":"","meta":{"footnotes":""},"_links":{"self":[{"href":"https:\/\/www.baeuerlein-landtechnik.de\/index.php?rest_route=\/wp\/v2\/pages\/1611"}],"collection":[{"href":"https:\/\/www.baeuerlein-landtechnik.de\/index.php?rest_route=\/wp\/v2\/pages"}],"about":[{"href":"https:\/\/www.baeuerlein-landtechnik.de\/index.php?rest_route=\/wp\/v2\/types\/page"}],"author":[{"embeddable":true,"href":"https:\/\/www.baeuerlein-landtechnik.de\/index.php?rest_route=\/wp\/v2\/users\/1"}],"replies":[{"embeddable":true,"href":"https:\/\/www.baeuerlein-landtechnik.de\/index.php?rest_route=%2Fwp%2Fv2%2Fcomments&post=1611"}],"version-history":[{"count":26,"href":"https:\/\/www.baeuerlein-landtechnik.de\/index.php?rest_route=\/wp\/v2\/pages\/1611\/revisions"}],"predecessor-version":[{"id":1839,"href":"https:\/\/www.baeuerlein-landtechnik.de\/index.php?rest_route=\/wp\/v2\/pages\/1611\/revisions\/1839"}],"wp:attachment":[{"href":"https:\/\/www.baeuerlein-landtechnik.de\/index.php?rest_route=%2Fwp%2Fv2%2Fmedia&parent=1611"}],"curies":[{"name":"wp","href":"https:\/\/api.w.org\/{rel}","templated":true}]}}