{"id":167,"date":"2022-11-23T11:46:10","date_gmt":"2022-11-23T10:46:10","guid":{"rendered":"http:\/\/www.ltechnik.intern\/wp\/?page_id=167"},"modified":"2025-08-25T10:44:29","modified_gmt":"2025-08-25T08:44:29","slug":"ueber-uns","status":"publish","type":"page","link":"https:\/\/www.baeuerlein-landtechnik.de\/?page_id=167","title":{"rendered":"\u00dcber uns"},"content":{"rendered":"\n<div class=\"wp-block-columns is-layout-flex wp-container-core-columns-layout-1 wp-block-columns-is-layout-flex\">\n<div class=\"wp-block-column is-layout-flow wp-block-column-is-layout-flow\">\n<p><strong>Georg B\u00e4uerlein (1898 &#8211; 1924)<\/strong><\/p>\n\n\n\n<p>Georg B\u00e4uerlein legte den Grundstein f\u00fcr unser Unternehmen. An dem Standort, an dem heute noch die alte Werkstatt mit B\u00fcrogeb\u00e4ude steht, er\u00f6ffnete er die Schmiede.<\/p>\n<\/div>\n\n\n\n<div class=\"wp-block-column is-layout-flow wp-block-column-is-layout-flow\">\n<figure class=\"wp-block-image size-large\"><img loading=\"lazy\" decoding=\"async\" width=\"1024\" height=\"639\" src=\"https:\/\/www.baeuerlein-landtechnik.de\/wp-content\/uploads\/2024\/02\/Familienfoto-4-1024x639.jpg\" alt=\"\" class=\"wp-image-1292\" srcset=\"https:\/\/www.baeuerlein-landtechnik.de\/wp-content\/uploads\/2024\/02\/Familienfoto-4-1024x639.jpg 1024w, https:\/\/www.baeuerlein-landtechnik.de\/wp-content\/uploads\/2024\/02\/Familienfoto-4-300x187.jpg 300w, https:\/\/www.baeuerlein-landtechnik.de\/wp-content\/uploads\/2024\/02\/Familienfoto-4-768x479.jpg 768w, https:\/\/www.baeuerlein-landtechnik.de\/wp-content\/uploads\/2024\/02\/Familienfoto-4-rotated.jpg 1485w\" sizes=\"(max-width: 1024px) 100vw, 1024px\" \/><\/figure>\n<\/div>\n<\/div>\n\n\n\n<div class=\"wp-block-columns is-layout-flex wp-container-core-columns-layout-2 wp-block-columns-is-layout-flex\">\n<div class=\"wp-block-column is-layout-flow wp-block-column-is-layout-flow\">\n<p><strong>Friedrich B\u00e4uerlein (1924 &#8211; 1959)<\/strong><\/p>\n\n\n\n<p>Sein Sohn Friedrich B\u00e4uerlein f\u00fchrte den Schmiedebetrieb fort.<\/p>\n<\/div>\n\n\n\n<div class=\"wp-block-column is-layout-flow wp-block-column-is-layout-flow\">\n<figure class=\"wp-block-image size-large\"><img loading=\"lazy\" decoding=\"async\" width=\"1024\" height=\"625\" src=\"https:\/\/www.baeuerlein-landtechnik.de\/wp-content\/uploads\/2024\/02\/Altes-Haus-mit-Pferd-2-1024x625.jpg\" alt=\"\" class=\"wp-image-1294\" srcset=\"https:\/\/www.baeuerlein-landtechnik.de\/wp-content\/uploads\/2024\/02\/Altes-Haus-mit-Pferd-2-1024x625.jpg 1024w, https:\/\/www.baeuerlein-landtechnik.de\/wp-content\/uploads\/2024\/02\/Altes-Haus-mit-Pferd-2-300x183.jpg 300w, https:\/\/www.baeuerlein-landtechnik.de\/wp-content\/uploads\/2024\/02\/Altes-Haus-mit-Pferd-2-768x468.jpg 768w, https:\/\/www.baeuerlein-landtechnik.de\/wp-content\/uploads\/2024\/02\/Altes-Haus-mit-Pferd-2-1536x937.jpg 1536w, https:\/\/www.baeuerlein-landtechnik.de\/wp-content\/uploads\/2024\/02\/Altes-Haus-mit-Pferd-2-rotated.jpg 1887w\" sizes=\"(max-width: 1024px) 100vw, 1024px\" \/><\/figure>\n<\/div>\n<\/div>\n\n\n\n<div class=\"wp-block-columns is-layout-flex wp-container-core-columns-layout-3 wp-block-columns-is-layout-flex\">\n<div class=\"wp-block-column is-layout-flow wp-block-column-is-layout-flow\">\n<p><strong>Georg B\u00e4uerlein (1959 \u2013 1981)<\/strong><\/p>\n\n\n\n<p>Georg B\u00e4uerlein errichtete 1968 die Werkstatt mit Lager, bereits 1977 folgte eine Erweiterung der Geb\u00e4ude. In dieser Zeit begann der Wandel vom traditionellen Schmiedebetrieb hin zu einem modernen Landtechnikunternehmen.<\/p>\n<\/div>\n\n\n\n<div class=\"wp-block-column is-layout-flow wp-block-column-is-layout-flow\">\n<figure class=\"wp-block-image size-large\"><img loading=\"lazy\" decoding=\"async\" width=\"1024\" height=\"668\" src=\"https:\/\/www.baeuerlein-landtechnik.de\/wp-content\/uploads\/2024\/02\/Opa-mit-Matthias-1-1024x668.jpg\" alt=\"\" class=\"wp-image-1295\" srcset=\"https:\/\/www.baeuerlein-landtechnik.de\/wp-content\/uploads\/2024\/02\/Opa-mit-Matthias-1-1024x668.jpg 1024w, https:\/\/www.baeuerlein-landtechnik.de\/wp-content\/uploads\/2024\/02\/Opa-mit-Matthias-1-300x196.jpg 300w, https:\/\/www.baeuerlein-landtechnik.de\/wp-content\/uploads\/2024\/02\/Opa-mit-Matthias-1-768x501.jpg 768w, https:\/\/www.baeuerlein-landtechnik.de\/wp-content\/uploads\/2024\/02\/Opa-mit-Matthias-1-1536x1002.jpg 1536w, https:\/\/www.baeuerlein-landtechnik.de\/wp-content\/uploads\/2024\/02\/Opa-mit-Matthias-1-rotated.jpg 1865w\" sizes=\"(max-width: 1024px) 100vw, 1024px\" \/><\/figure>\n<\/div>\n<\/div>\n\n\n\n<div class=\"wp-block-columns is-layout-flex wp-container-core-columns-layout-4 wp-block-columns-is-layout-flex\">\n<div class=\"wp-block-column is-layout-flow wp-block-column-is-layout-flow\">\n<p><strong>Gerhard Georg B\u00e4uerlein (1981 \u2013 2021)<\/strong><\/p>\n\n\n\n<p>1981 \u00fcbernahm Gerhard B\u00e4uerlein die Gesch\u00e4ftsf\u00fchrung. 1992 wurde das B\u00fcrogeb\u00e4ude mit Ladenverkauf an die bestehende Werkstatt angebaut, 1997 entstand eine gro\u00dfz\u00fcgige neue Werkstatt. Bis heute bringt sich Gerhard B\u00e4uerlein aktiv ins Unternehmen ein.<\/p>\n\n\n\n<p><\/p>\n\n\n\n<p><strong>Matthias B\u00e4uerlein (seit 2021)<\/strong><\/p>\n\n\n\n<p>Bereits in f\u00fcnfter Generation f\u00fchrt Matthias B\u00e4uerlein heute das Familienunternehmen.<\/p>\n<\/div>\n\n\n\n<div class=\"wp-block-column is-layout-flow wp-block-column-is-layout-flow\">\n<figure class=\"wp-block-image size-large\"><img loading=\"lazy\" decoding=\"async\" width=\"1024\" height=\"683\" src=\"https:\/\/www.baeuerlein-landtechnik.de\/wp-content\/uploads\/2024\/02\/Gerhard-und-Matthias-3-1024x683.jpg\" alt=\"\" class=\"wp-image-1373\" srcset=\"https:\/\/www.baeuerlein-landtechnik.de\/wp-content\/uploads\/2024\/02\/Gerhard-und-Matthias-3-1024x683.jpg 1024w, https:\/\/www.baeuerlein-landtechnik.de\/wp-content\/uploads\/2024\/02\/Gerhard-und-Matthias-3-300x200.jpg 300w, https:\/\/www.baeuerlein-landtechnik.de\/wp-content\/uploads\/2024\/02\/Gerhard-und-Matthias-3-768x512.jpg 768w, https:\/\/www.baeuerlein-landtechnik.de\/wp-content\/uploads\/2024\/02\/Gerhard-und-Matthias-3-1536x1024.jpg 1536w, https:\/\/www.baeuerlein-landtechnik.de\/wp-content\/uploads\/2024\/02\/Gerhard-und-Matthias-3-2048x1365.jpg 2048w\" sizes=\"(max-width: 1024px) 100vw, 1024px\" \/><\/figure>\n<\/div>\n<\/div>\n\n\n\n<p><\/p>\n\n\n\n<p><\/p>\n\n\n\n<div class=\"wp-block-columns is-layout-flex wp-container-core-columns-layout-5 wp-block-columns-is-layout-flex\">\n<div class=\"wp-block-column is-layout-flow wp-block-column-is-layout-flow\">\n<p><strong>Unsere Mitarbeiter <\/strong><\/p>\n\n\n\n<p>Seit 1990 bilden wir eigene Lehrlinge aus. Viele von ihnen sind uns treu geblieben &#8211; einige arbeiten bereits seit \u00fcber 30 Jahren bei uns. <br>1999 z\u00e4hlte unser Team einen Meister, drei Gesellen, einen Auszubildenden und einen Au\u00dfendienstverk\u00e4ufer. Heute arbeiten \u00fcber 20 engagierte Mitarbeiter in den verschiedenen Bereichen.<\/p>\n<\/div>\n<\/div>\n\n\n\n<p><\/p>\n\n\n\n<p><\/p>\n\n\n\n<p><\/p>\n\n\n\n<div class=\"wp-block-columns is-layout-flex wp-container-core-columns-layout-6 wp-block-columns-is-layout-flex\">\n<div class=\"wp-block-column is-layout-flow wp-block-column-is-layout-flow\">\n<p><strong>Unsere Kundenbeziehungen<\/strong><\/p>\n\n\n\n<p>Seit Gr\u00fcndung des Unternehmens blicken wir voller Stolz auf Kundenbeziehungen, die heute noch existieren. Gemeinsam mit unseren Kunden entwickeln wir uns stetig weiter und bleiben technisch immer auf dem neuesten Stand.<\/p>\n<\/div>\n<\/div>\n","protected":false},"excerpt":{"rendered":"<p>Georg B\u00e4uerlein (1898 &#8211; 1924) Georg B\u00e4uerlein legte den Grundstein f\u00fcr unser Unternehmen. An dem Standort, an dem heute noch die alte Werkstatt mit B\u00fcrogeb\u00e4ude steht, er\u00f6ffnete er die Schmiede. Friedrich B\u00e4uerlein (1924 &#8211; 1959) Sein Sohn Friedrich B\u00e4uerlein f\u00fchrte den Schmiedebetrieb fort. Georg B\u00e4uerlein (1959 \u2013 1981) Georg B\u00e4uerlein errichtete 1968 die Werkstatt mit [&hellip;]<\/p>\n","protected":false},"author":1,"featured_media":0,"parent":0,"menu_order":0,"comment_status":"closed","ping_status":"closed","template":"","meta":{"footnotes":""},"_links":{"self":[{"href":"https:\/\/www.baeuerlein-landtechnik.de\/index.php?rest_route=\/wp\/v2\/pages\/167"}],"collection":[{"href":"https:\/\/www.baeuerlein-landtechnik.de\/index.php?rest_route=\/wp\/v2\/pages"}],"about":[{"href":"https:\/\/www.baeuerlein-landtechnik.de\/index.php?rest_route=\/wp\/v2\/types\/page"}],"author":[{"embeddable":true,"href":"https:\/\/www.baeuerlein-landtechnik.de\/index.php?rest_route=\/wp\/v2\/users\/1"}],"replies":[{"embeddable":true,"href":"https:\/\/www.baeuerlein-landtechnik.de\/index.php?rest_route=%2Fwp%2Fv2%2Fcomments&post=167"}],"version-history":[{"count":55,"href":"https:\/\/www.baeuerlein-landtechnik.de\/index.php?rest_route=\/wp\/v2\/pages\/167\/revisions"}],"predecessor-version":[{"id":1814,"href":"https:\/\/www.baeuerlein-landtechnik.de\/index.php?rest_route=\/wp\/v2\/pages\/167\/revisions\/1814"}],"wp:attachment":[{"href":"https:\/\/www.baeuerlein-landtechnik.de\/index.php?rest_route=%2Fwp%2Fv2%2Fmedia&parent=167"}],"curies":[{"name":"wp","href":"https:\/\/api.w.org\/{rel}","templated":true}]}}