{"id":1676,"date":"2024-09-27T09:58:59","date_gmt":"2024-09-27T07:58:59","guid":{"rendered":"https:\/\/www.baeuerlein-landtechnik.de\/?page_id=1676"},"modified":"2025-07-09T11:08:33","modified_gmt":"2025-07-09T09:08:33","slug":"sveaverken","status":"publish","type":"page","link":"https:\/\/www.baeuerlein-landtechnik.de\/?page_id=1676","title":{"rendered":"Sveaverken"},"content":{"rendered":"\n<p><strong>Sveaverken &#8211; Intelligente L\u00f6sungen f\u00fcr Landwirtschaft und Tierhaltung. <\/strong><\/p>\n\n\n\n<p>Seit 1911 entwickelt Sveaverken aus Schweden smarte Agrartechnik f\u00fcr die Landwirtschaft, Viehhaltung und Grundst\u00fcckspflege. Mit \u00fcber 110 Jahren Erfahrung, 3 Fertigungsst\u00e4tten, 4 F&amp;E-Zentren und mehr als 30.000 zufriedenen Kunden in \u00fcber 30 L\u00e4ndern vereint das Unternehmen Robustheit, Nachhaltigkeit und modernste Technik.<\/p>\n\n\n\n<ul>\n<li>Precision &amp; Auto-Steer Systeme<\/li>\n\n\n\n<li>Farm Management System (FMS)<\/li>\n\n\n\n<li>Futterschieber-Roboter<\/li>\n\n\n\n<li>SVEA F\u00f6rderschecken &amp; Automatik <\/li>\n\n\n\n<li>Autonome M\u00e4hroboter<\/li>\n\n\n\n<li>Smart-Farmin Zubeh\u00f6r<\/li>\n<\/ul>\n\n\n\n<div class=\"wp-block-group is-nowrap is-layout-flex wp-container-core-group-layout-1 wp-block-group-is-layout-flex\">\n<figure class=\"wp-block-gallery has-nested-images columns-default is-cropped wp-block-gallery-1 is-layout-flex wp-block-gallery-is-layout-flex\">\n<figure class=\"wp-block-image size-large\"><img loading=\"lazy\" decoding=\"async\" width=\"1024\" height=\"702\" src=\"https:\/\/www.baeuerlein-landtechnik.de\/wp-content\/uploads\/2024\/09\/Nimbo-2-1024x702.png\" alt=\"\" class=\"wp-image-1699\" srcset=\"https:\/\/www.baeuerlein-landtechnik.de\/wp-content\/uploads\/2024\/09\/Nimbo-2-1024x702.png 1024w, https:\/\/www.baeuerlein-landtechnik.de\/wp-content\/uploads\/2024\/09\/Nimbo-2-300x206.png 300w, https:\/\/www.baeuerlein-landtechnik.de\/wp-content\/uploads\/2024\/09\/Nimbo-2-768x526.png 768w, https:\/\/www.baeuerlein-landtechnik.de\/wp-content\/uploads\/2024\/09\/Nimbo-2.png 1204w\" sizes=\"(max-width: 1024px) 100vw, 1024px\" \/><\/figure>\n<\/figure>\n<\/div>\n","protected":false},"excerpt":{"rendered":"<p>Sveaverken &#8211; Intelligente L\u00f6sungen f\u00fcr Landwirtschaft und Tierhaltung. Seit 1911 entwickelt Sveaverken aus Schweden smarte Agrartechnik f\u00fcr die Landwirtschaft, Viehhaltung und Grundst\u00fcckspflege. Mit \u00fcber 110 Jahren Erfahrung, 3 Fertigungsst\u00e4tten, 4 F&amp;E-Zentren und mehr als 30.000 zufriedenen Kunden in \u00fcber 30 L\u00e4ndern vereint das Unternehmen Robustheit, Nachhaltigkeit und modernste Technik.<\/p>\n","protected":false},"author":1,"featured_media":0,"parent":0,"menu_order":0,"comment_status":"closed","ping_status":"closed","template":"","meta":{"footnotes":""},"_links":{"self":[{"href":"https:\/\/www.baeuerlein-landtechnik.de\/index.php?rest_route=\/wp\/v2\/pages\/1676"}],"collection":[{"href":"https:\/\/www.baeuerlein-landtechnik.de\/index.php?rest_route=\/wp\/v2\/pages"}],"about":[{"href":"https:\/\/www.baeuerlein-landtechnik.de\/index.php?rest_route=\/wp\/v2\/types\/page"}],"author":[{"embeddable":true,"href":"https:\/\/www.baeuerlein-landtechnik.de\/index.php?rest_route=\/wp\/v2\/users\/1"}],"replies":[{"embeddable":true,"href":"https:\/\/www.baeuerlein-landtechnik.de\/index.php?rest_route=%2Fwp%2Fv2%2Fcomments&post=1676"}],"version-history":[{"count":16,"href":"https:\/\/www.baeuerlein-landtechnik.de\/index.php?rest_route=\/wp\/v2\/pages\/1676\/revisions"}],"predecessor-version":[{"id":1762,"href":"https:\/\/www.baeuerlein-landtechnik.de\/index.php?rest_route=\/wp\/v2\/pages\/1676\/revisions\/1762"}],"wp:attachment":[{"href":"https:\/\/www.baeuerlein-landtechnik.de\/index.php?rest_route=%2Fwp%2Fv2%2Fmedia&parent=1676"}],"curies":[{"name":"wp","href":"https:\/\/api.w.org\/{rel}","templated":true}]}}