{"id":1712,"date":"2025-07-09T09:03:07","date_gmt":"2025-07-09T07:03:07","guid":{"rendered":"https:\/\/www.baeuerlein-landtechnik.de\/?page_id=1712"},"modified":"2025-07-09T10:19:13","modified_gmt":"2025-07-09T08:19:13","slug":"weidemann-2","status":"publish","type":"page","link":"https:\/\/www.baeuerlein-landtechnik.de\/?page_id=1712","title":{"rendered":"Weidemann"},"content":{"rendered":"\n<p><\/p>\n\n\n\n<p><strong>Weidemann &#8211; immer die passende L\u00f6sung. <\/strong><\/p>\n\n\n\n<p>Das Weidemann Angebot umfasst knickgelenkte und kompakte Hoftracs, Radlader, Teleskopradlader, allradgelenkte Teleskoplader und eine gro\u00dfe Auswahl an Anbauger\u00e4ten und Reifen. Weidemann ist einer der f\u00fchrenden Hersteller dieser Maschinen f\u00fcr die Land- und Pferdewirtschaft, Holzwirtschaft, Biogasanlagen, Kommunen, G\u00e4rtnereien, Industrie und Gewerbe in Zentraleuropa.<\/p>\n\n\n\n<figure class=\"wp-block-gallery has-nested-images columns-default is-cropped wp-block-gallery-1 is-layout-flex wp-block-gallery-is-layout-flex\">\n<figure class=\"wp-block-image size-large\"><img loading=\"lazy\" decoding=\"async\" width=\"1024\" height=\"683\" data-id=\"1729\" src=\"https:\/\/www.baeuerlein-landtechnik.de\/wp-content\/uploads\/2025\/07\/csm_0A5A0642_57da3c13fe-1-1024x683.jpg\" alt=\"\" class=\"wp-image-1729\" srcset=\"https:\/\/www.baeuerlein-landtechnik.de\/wp-content\/uploads\/2025\/07\/csm_0A5A0642_57da3c13fe-1-1024x683.jpg 1024w, https:\/\/www.baeuerlein-landtechnik.de\/wp-content\/uploads\/2025\/07\/csm_0A5A0642_57da3c13fe-1-300x200.jpg 300w, https:\/\/www.baeuerlein-landtechnik.de\/wp-content\/uploads\/2025\/07\/csm_0A5A0642_57da3c13fe-1-768x512.jpg 768w, https:\/\/www.baeuerlein-landtechnik.de\/wp-content\/uploads\/2025\/07\/csm_0A5A0642_57da3c13fe-1-1536x1024.jpg 1536w, https:\/\/www.baeuerlein-landtechnik.de\/wp-content\/uploads\/2025\/07\/csm_0A5A0642_57da3c13fe-1-2048x1365.jpg 2048w\" sizes=\"(max-width: 1024px) 100vw, 1024px\" \/><\/figure>\n\n\n\n<figure class=\"wp-block-image size-large\"><img loading=\"lazy\" decoding=\"async\" width=\"1024\" height=\"683\" data-id=\"1728\" src=\"https:\/\/www.baeuerlein-landtechnik.de\/wp-content\/uploads\/2025\/07\/csm_112A9658_786f1d0e24-1-1024x683.jpg\" alt=\"\" class=\"wp-image-1728\" srcset=\"https:\/\/www.baeuerlein-landtechnik.de\/wp-content\/uploads\/2025\/07\/csm_112A9658_786f1d0e24-1-1024x683.jpg 1024w, https:\/\/www.baeuerlein-landtechnik.de\/wp-content\/uploads\/2025\/07\/csm_112A9658_786f1d0e24-1-300x200.jpg 300w, https:\/\/www.baeuerlein-landtechnik.de\/wp-content\/uploads\/2025\/07\/csm_112A9658_786f1d0e24-1-768x512.jpg 768w, https:\/\/www.baeuerlein-landtechnik.de\/wp-content\/uploads\/2025\/07\/csm_112A9658_786f1d0e24-1-1536x1024.jpg 1536w, https:\/\/www.baeuerlein-landtechnik.de\/wp-content\/uploads\/2025\/07\/csm_112A9658_786f1d0e24-1-2048x1365.jpg 2048w\" sizes=\"(max-width: 1024px) 100vw, 1024px\" \/><\/figure>\n\n\n\n<figure class=\"wp-block-image size-large\"><img loading=\"lazy\" decoding=\"async\" width=\"1024\" height=\"682\" data-id=\"1726\" src=\"https:\/\/www.baeuerlein-landtechnik.de\/wp-content\/uploads\/2025\/07\/csm_241B9730_Korrektur_05008fe4f3-1-1024x682.jpg\" alt=\"\" class=\"wp-image-1726\" srcset=\"https:\/\/www.baeuerlein-landtechnik.de\/wp-content\/uploads\/2025\/07\/csm_241B9730_Korrektur_05008fe4f3-1-1024x682.jpg 1024w, https:\/\/www.baeuerlein-landtechnik.de\/wp-content\/uploads\/2025\/07\/csm_241B9730_Korrektur_05008fe4f3-1-300x200.jpg 300w, https:\/\/www.baeuerlein-landtechnik.de\/wp-content\/uploads\/2025\/07\/csm_241B9730_Korrektur_05008fe4f3-1-768x512.jpg 768w, https:\/\/www.baeuerlein-landtechnik.de\/wp-content\/uploads\/2025\/07\/csm_241B9730_Korrektur_05008fe4f3-1-1536x1023.jpg 1536w, https:\/\/www.baeuerlein-landtechnik.de\/wp-content\/uploads\/2025\/07\/csm_241B9730_Korrektur_05008fe4f3-1.jpg 1843w\" sizes=\"(max-width: 1024px) 100vw, 1024px\" \/><\/figure>\n\n\n\n<figure class=\"wp-block-image size-large\"><img loading=\"lazy\" decoding=\"async\" width=\"1024\" height=\"683\" data-id=\"1727\" src=\"https:\/\/www.baeuerlein-landtechnik.de\/wp-content\/uploads\/2025\/07\/csm_Weidemann_112A3639_8aaaac822c-1-1024x683.jpg\" alt=\"\" class=\"wp-image-1727\" srcset=\"https:\/\/www.baeuerlein-landtechnik.de\/wp-content\/uploads\/2025\/07\/csm_Weidemann_112A3639_8aaaac822c-1-1024x683.jpg 1024w, https:\/\/www.baeuerlein-landtechnik.de\/wp-content\/uploads\/2025\/07\/csm_Weidemann_112A3639_8aaaac822c-1-300x200.jpg 300w, https:\/\/www.baeuerlein-landtechnik.de\/wp-content\/uploads\/2025\/07\/csm_Weidemann_112A3639_8aaaac822c-1-768x512.jpg 768w, https:\/\/www.baeuerlein-landtechnik.de\/wp-content\/uploads\/2025\/07\/csm_Weidemann_112A3639_8aaaac822c-1-1536x1024.jpg 1536w, https:\/\/www.baeuerlein-landtechnik.de\/wp-content\/uploads\/2025\/07\/csm_Weidemann_112A3639_8aaaac822c-1-2048x1365.jpg 2048w\" sizes=\"(max-width: 1024px) 100vw, 1024px\" \/><\/figure>\n\n\n\n<figure class=\"wp-block-image size-large\"><img loading=\"lazy\" decoding=\"async\" width=\"1024\" height=\"683\" data-id=\"1730\" src=\"https:\/\/www.baeuerlein-landtechnik.de\/wp-content\/uploads\/2025\/07\/IMG_5523-1-1024x683.jpg\" alt=\"\" class=\"wp-image-1730\" srcset=\"https:\/\/www.baeuerlein-landtechnik.de\/wp-content\/uploads\/2025\/07\/IMG_5523-1-1024x683.jpg 1024w, https:\/\/www.baeuerlein-landtechnik.de\/wp-content\/uploads\/2025\/07\/IMG_5523-1-300x200.jpg 300w, https:\/\/www.baeuerlein-landtechnik.de\/wp-content\/uploads\/2025\/07\/IMG_5523-1-768x512.jpg 768w, https:\/\/www.baeuerlein-landtechnik.de\/wp-content\/uploads\/2025\/07\/IMG_5523-1.jpg 1392w\" sizes=\"(max-width: 1024px) 100vw, 1024px\" \/><\/figure>\n\n\n\n<figure class=\"wp-block-image size-large\"><img loading=\"lazy\" decoding=\"async\" width=\"1024\" height=\"683\" data-id=\"1731\" src=\"https:\/\/www.baeuerlein-landtechnik.de\/wp-content\/uploads\/2025\/07\/IMG_9828-1-1024x683.jpg\" alt=\"\" class=\"wp-image-1731\" srcset=\"https:\/\/www.baeuerlein-landtechnik.de\/wp-content\/uploads\/2025\/07\/IMG_9828-1-1024x683.jpg 1024w, https:\/\/www.baeuerlein-landtechnik.de\/wp-content\/uploads\/2025\/07\/IMG_9828-1-300x200.jpg 300w, https:\/\/www.baeuerlein-landtechnik.de\/wp-content\/uploads\/2025\/07\/IMG_9828-1-768x512.jpg 768w, https:\/\/www.baeuerlein-landtechnik.de\/wp-content\/uploads\/2025\/07\/IMG_9828-1-1536x1024.jpg 1536w, https:\/\/www.baeuerlein-landtechnik.de\/wp-content\/uploads\/2025\/07\/IMG_9828-1-2048x1365.jpg 2048w\" sizes=\"(max-width: 1024px) 100vw, 1024px\" \/><\/figure>\n<\/figure>\n\n\n\n<p><\/p>\n","protected":false},"excerpt":{"rendered":"<p>Weidemann &#8211; immer die passende L\u00f6sung. Das Weidemann Angebot umfasst knickgelenkte und kompakte Hoftracs, Radlader, Teleskopradlader, allradgelenkte Teleskoplader und eine gro\u00dfe Auswahl an Anbauger\u00e4ten und Reifen. Weidemann ist einer der f\u00fchrenden Hersteller dieser Maschinen f\u00fcr die Land- und Pferdewirtschaft, Holzwirtschaft, Biogasanlagen, Kommunen, G\u00e4rtnereien, Industrie und Gewerbe in Zentraleuropa.<\/p>\n","protected":false},"author":1,"featured_media":0,"parent":0,"menu_order":0,"comment_status":"closed","ping_status":"closed","template":"","meta":{"footnotes":""},"_links":{"self":[{"href":"https:\/\/www.baeuerlein-landtechnik.de\/index.php?rest_route=\/wp\/v2\/pages\/1712"}],"collection":[{"href":"https:\/\/www.baeuerlein-landtechnik.de\/index.php?rest_route=\/wp\/v2\/pages"}],"about":[{"href":"https:\/\/www.baeuerlein-landtechnik.de\/index.php?rest_route=\/wp\/v2\/types\/page"}],"author":[{"embeddable":true,"href":"https:\/\/www.baeuerlein-landtechnik.de\/index.php?rest_route=\/wp\/v2\/users\/1"}],"replies":[{"embeddable":true,"href":"https:\/\/www.baeuerlein-landtechnik.de\/index.php?rest_route=%2Fwp%2Fv2%2Fcomments&post=1712"}],"version-history":[{"count":4,"href":"https:\/\/www.baeuerlein-landtechnik.de\/index.php?rest_route=\/wp\/v2\/pages\/1712\/revisions"}],"predecessor-version":[{"id":1751,"href":"https:\/\/www.baeuerlein-landtechnik.de\/index.php?rest_route=\/wp\/v2\/pages\/1712\/revisions\/1751"}],"wp:attachment":[{"href":"https:\/\/www.baeuerlein-landtechnik.de\/index.php?rest_route=%2Fwp%2Fv2%2Fmedia&parent=1712"}],"curies":[{"name":"wp","href":"https:\/\/api.w.org\/{rel}","templated":true}]}}