{"id":2,"date":"2022-02-25T22:41:15","date_gmt":"2022-02-25T21:41:15","guid":{"rendered":"http:\/\/www.ltechnik.intern\/wp\/?page_id=2"},"modified":"2025-07-17T10:23:14","modified_gmt":"2025-07-17T08:23:14","slug":"startseite","status":"publish","type":"page","link":"https:\/\/www.baeuerlein-landtechnik.de\/?page_id=2","title":{"rendered":"Pers\u00f6nliche Worte"},"content":{"rendered":"\n<p><\/p>\n\n\n\n<h3 class=\"wp-block-heading\">Willkommen bei B\u00e4uerlein Landtechnik<\/h3>\n\n\n\n<p>Sehr geehrte Gesch\u00e4ftspartner, <br>liebe Kunden &amp; Freunde!<\/p>\n\n\n\n<p>Bereits in f\u00fcnfter Generationen sind wir Ihr kompetenter Ansprechpartner in den Bereichen Landtechnik, Gartentechnik, Forsttechnik und Kommunaltechnik \u2013 regional verwurzelt, fachlich stark.<\/p>\n\n\n\n<p>Von der Beratung \u00fcber den Verkauf, den Kundendienst bis zur Ersatzteilversorgung \u2013 wir wissen, worauf es Ihnen ankommt. Unsere Erfahrung und unser Engagement garantieren Ihnen ma\u00dfgeschneiderte L\u00f6sungen und zuverl\u00e4ssige Betreuung &#8211; heute und in Zukunft.<\/p>\n\n\n\n<p><strong>Was uns auszeichnet:<\/strong><\/p>\n\n\n\n<ul>\n<li>Umfangreiches Sortiment namhafter Hersteller<\/li>\n\n\n\n<li>Schnelle Ersatzteilverf\u00fcgbarkeit &amp; moderner Werkstattservice<\/li>\n\n\n\n<li>Fachkundige Produktspezialisten &amp; geschulte Servicetechniker<\/li>\n\n\n\n<li>Pers\u00f6nlicher Service und Beratung<\/li>\n<\/ul>\n\n\n\n<p><strong>Ihr Matthias B\u00e4uerlein &amp; Team<\/strong><\/p>\n\n\n\n<figure class=\"wp-block-image size-large\"><img loading=\"lazy\" decoding=\"async\" width=\"1024\" height=\"632\" src=\"https:\/\/www.baeuerlein-landtechnik.de\/wp-content\/uploads\/2024\/02\/Gruppenbild-persoenliche-Worte-1024x632.jpg\" alt=\"\" class=\"wp-image-1300\" srcset=\"https:\/\/www.baeuerlein-landtechnik.de\/wp-content\/uploads\/2024\/02\/Gruppenbild-persoenliche-Worte-1024x632.jpg 1024w, https:\/\/www.baeuerlein-landtechnik.de\/wp-content\/uploads\/2024\/02\/Gruppenbild-persoenliche-Worte-300x185.jpg 300w, https:\/\/www.baeuerlein-landtechnik.de\/wp-content\/uploads\/2024\/02\/Gruppenbild-persoenliche-Worte-768x474.jpg 768w, https:\/\/www.baeuerlein-landtechnik.de\/wp-content\/uploads\/2024\/02\/Gruppenbild-persoenliche-Worte-1536x949.jpg 1536w, https:\/\/www.baeuerlein-landtechnik.de\/wp-content\/uploads\/2024\/02\/Gruppenbild-persoenliche-Worte-2048x1265.jpg 2048w\" sizes=\"(max-width: 1024px) 100vw, 1024px\" \/><\/figure>\n","protected":false},"excerpt":{"rendered":"<p>Willkommen bei B\u00e4uerlein Landtechnik Sehr geehrte Gesch\u00e4ftspartner, liebe Kunden &amp; Freunde! Bereits in f\u00fcnfter Generationen sind wir Ihr kompetenter Ansprechpartner in den Bereichen Landtechnik, Gartentechnik, Forsttechnik und Kommunaltechnik \u2013 regional verwurzelt, fachlich stark. Von der Beratung \u00fcber den Verkauf, den Kundendienst bis zur Ersatzteilversorgung \u2013 wir wissen, worauf es Ihnen ankommt. Unsere Erfahrung und unser [&hellip;]<\/p>\n","protected":false},"author":1,"featured_media":0,"parent":0,"menu_order":0,"comment_status":"closed","ping_status":"closed","template":"","meta":{"footnotes":""},"_links":{"self":[{"href":"https:\/\/www.baeuerlein-landtechnik.de\/index.php?rest_route=\/wp\/v2\/pages\/2"}],"collection":[{"href":"https:\/\/www.baeuerlein-landtechnik.de\/index.php?rest_route=\/wp\/v2\/pages"}],"about":[{"href":"https:\/\/www.baeuerlein-landtechnik.de\/index.php?rest_route=\/wp\/v2\/types\/page"}],"author":[{"embeddable":true,"href":"https:\/\/www.baeuerlein-landtechnik.de\/index.php?rest_route=\/wp\/v2\/users\/1"}],"replies":[{"embeddable":true,"href":"https:\/\/www.baeuerlein-landtechnik.de\/index.php?rest_route=%2Fwp%2Fv2%2Fcomments&post=2"}],"version-history":[{"count":47,"href":"https:\/\/www.baeuerlein-landtechnik.de\/index.php?rest_route=\/wp\/v2\/pages\/2\/revisions"}],"predecessor-version":[{"id":1805,"href":"https:\/\/www.baeuerlein-landtechnik.de\/index.php?rest_route=\/wp\/v2\/pages\/2\/revisions\/1805"}],"wp:attachment":[{"href":"https:\/\/www.baeuerlein-landtechnik.de\/index.php?rest_route=%2Fwp%2Fv2%2Fmedia&parent=2"}],"curies":[{"name":"wp","href":"https:\/\/api.w.org\/{rel}","templated":true}]}}