{"id":281,"date":"2022-11-25T11:51:20","date_gmt":"2022-11-25T10:51:20","guid":{"rendered":"http:\/\/www.ltechnik.intern\/wp\/?page_id=281"},"modified":"2025-07-09T11:34:53","modified_gmt":"2025-07-09T09:34:53","slug":"joskin","status":"publish","type":"page","link":"https:\/\/www.baeuerlein-landtechnik.de\/?page_id=281","title":{"rendered":"Joskin"},"content":{"rendered":"\n<p class=\"has-text-align-left has-medium-font-size\"><strong>Joskin \u2013 Effizienz in Bewegung, Innovation f\u00fcr die Landwirtschaft.<\/strong><\/p>\n\n\n\n<p class=\"has-text-align-left\"><strong>Joskin<\/strong> ist ein belgisches Unternehmen, das sich seit 1968 auf die Herstellung von spezialisierten Maschinen f\u00fcr die Landwirtschaft konzentriert. Mit einer starken Expertise in der Entwicklung von <strong>Transport-, Entsorgungs- und Ausbringungstechnik<\/strong> hat sich Joskin als zuverl\u00e4ssiger Partner f\u00fcr Landwirte und Lohnunternehmen etabliert. Das Unternehmen bietet eine breite Produktpalette, darunter <strong>G\u00fcllef\u00e4sser<\/strong>, <strong>Anh\u00e4nger<\/strong>, <strong>Feldspritzen<\/strong>, <strong>Verteilerger\u00e4te<\/strong> und <strong>D\u00fcngestreuer<\/strong>. Joskin setzt auf innovative L\u00f6sungen, die Effizienz, Nachhaltigkeit und Benutzerfreundlichkeit vereinen, um den Anforderungen der modernen Landwirtschaft gerecht zu werden. Mit einer globalen Pr\u00e4senz steht Joskin f\u00fcr Qualit\u00e4t und Robustheit in der Landwirtschaftstechnik.<\/p>\n\n\n\n<div class=\"wp-block-columns is-layout-flex wp-container-core-columns-layout-1 wp-block-columns-is-layout-flex\">\n<div class=\"wp-block-column is-layout-flow wp-block-column-is-layout-flow\" style=\"flex-basis:44.45%\"><div class=\"wp-block-image\">\n<figure class=\"alignright size-full is-resized\"><a href=\"https:\/\/www.joskin.com\/de\" target=\"_blank\" rel=\"noopener\"><img loading=\"lazy\" decoding=\"async\" width=\"1800\" height=\"1200\" src=\"https:\/\/www.baeuerlein-landtechnik.de\/wp-content\/uploads\/2022\/11\/T6_180_MethanePower_Joskin-Modulo2.jpg\" alt=\"\" class=\"wp-image-190\" style=\"width:450px;height:300px\"\/><\/a><\/figure><\/div><\/div>\n<\/div>\n","protected":false},"excerpt":{"rendered":"<p>Joskin \u2013 Effizienz in Bewegung, Innovation f\u00fcr die Landwirtschaft. Joskin ist ein belgisches Unternehmen, das sich seit 1968 auf die Herstellung von spezialisierten Maschinen f\u00fcr die Landwirtschaft konzentriert. Mit einer starken Expertise in der Entwicklung von Transport-, Entsorgungs- und Ausbringungstechnik hat sich Joskin als zuverl\u00e4ssiger Partner f\u00fcr Landwirte und Lohnunternehmen etabliert. Das Unternehmen bietet eine [&hellip;]<\/p>\n","protected":false},"author":1,"featured_media":0,"parent":0,"menu_order":0,"comment_status":"closed","ping_status":"closed","template":"","meta":{"footnotes":""},"_links":{"self":[{"href":"https:\/\/www.baeuerlein-landtechnik.de\/index.php?rest_route=\/wp\/v2\/pages\/281"}],"collection":[{"href":"https:\/\/www.baeuerlein-landtechnik.de\/index.php?rest_route=\/wp\/v2\/pages"}],"about":[{"href":"https:\/\/www.baeuerlein-landtechnik.de\/index.php?rest_route=\/wp\/v2\/types\/page"}],"author":[{"embeddable":true,"href":"https:\/\/www.baeuerlein-landtechnik.de\/index.php?rest_route=\/wp\/v2\/users\/1"}],"replies":[{"embeddable":true,"href":"https:\/\/www.baeuerlein-landtechnik.de\/index.php?rest_route=%2Fwp%2Fv2%2Fcomments&post=281"}],"version-history":[{"count":32,"href":"https:\/\/www.baeuerlein-landtechnik.de\/index.php?rest_route=\/wp\/v2\/pages\/281\/revisions"}],"predecessor-version":[{"id":1781,"href":"https:\/\/www.baeuerlein-landtechnik.de\/index.php?rest_route=\/wp\/v2\/pages\/281\/revisions\/1781"}],"wp:attachment":[{"href":"https:\/\/www.baeuerlein-landtechnik.de\/index.php?rest_route=%2Fwp%2Fv2%2Fmedia&parent=281"}],"curies":[{"name":"wp","href":"https:\/\/api.w.org\/{rel}","templated":true}]}}