{"id":283,"date":"2022-11-25T12:00:12","date_gmt":"2022-11-25T11:00:12","guid":{"rendered":"http:\/\/www.ltechnik.intern\/wp\/?page_id=283"},"modified":"2025-07-09T10:08:38","modified_gmt":"2025-07-09T08:08:38","slug":"kuhn","status":"publish","type":"page","link":"https:\/\/www.baeuerlein-landtechnik.de\/?page_id=283","title":{"rendered":"Kuhn"},"content":{"rendered":"\n<p><strong>Kuhn &#8211; Technik f\u00fcr eine nachhaltige Landwirtschaft von morgen.<\/strong><\/p>\n\n\n\n<p class=\"has-text-align-left\">Kuhn ist ein weltweit f\u00fchrender Hersteller von Landmaschinen mit \u00fcber 190 Jahren Erfahrung. Das Unternehmen bietet Landwirten innovative und effiziente Technikl\u00f6sungen, die h\u00f6chste Standards in Qualit\u00e4t und Leistung setzen. Mit einem breiten Portfolio an Maschinen f\u00fcr verschiedene landwirtschaftliche Anwendungen unterst\u00fctzt Kuhn eine nachhaltige und produktive Landwirtschaft auf der ganzen Welt.<\/p>\n\n\n\n<div class=\"wp-block-columns is-layout-flex wp-container-core-columns-layout-1 wp-block-columns-is-layout-flex\">\n<div class=\"wp-block-column is-layout-flow wp-block-column-is-layout-flow\" style=\"flex-basis:250px\">\n<figure class=\"wp-block-image size-full is-resized\"><img loading=\"lazy\" decoding=\"async\" width=\"2000\" height=\"1333\" src=\"https:\/\/www.baeuerlein-landtechnik.de\/wp-content\/uploads\/2023\/01\/Kuhn-1124_1419_HIGH_GMD_3123GMD_8730.jpg\" alt=\"\" class=\"wp-image-520\" style=\"width:248px;height:164px\"\/><\/figure>\n\n\n\n<p><strong>Futterernte<\/strong><\/p>\n\n\n\n<ul>\n<li>M\u00e4hwerke<\/li>\n\n\n\n<li>Schwader u. Bandschwader<\/li>\n\n\n\n<li>Pressen<\/li>\n\n\n\n<li>Wickelger\u00e4te<\/li>\n\n\n\n<li>Wender<\/li>\n\n\n\n<li>Feldh\u00e4cksler<\/li>\n<\/ul>\n<\/div>\n\n\n\n<div class=\"wp-block-column is-layout-flow wp-block-column-is-layout-flow\" style=\"flex-basis:250px\">\n<figure class=\"wp-block-image size-full is-resized\"><img loading=\"lazy\" decoding=\"async\" width=\"2560\" height=\"1920\" src=\"https:\/\/www.baeuerlein-landtechnik.de\/wp-content\/uploads\/2023\/01\/Kuhn-1674_3303_HIGH_SPRING_LONGER_80_Series_work01.jpg\" alt=\"\" class=\"wp-image-530\" style=\"width:220px;height:165px\"\/><\/figure>\n\n\n\n<p><strong>Landschaftspflege<\/strong><\/p>\n\n\n\n<p><strong>Stra\u00dfenunterhaltung<\/strong><\/p>\n<\/div>\n\n\n\n<div class=\"wp-block-column is-layout-flow wp-block-column-is-layout-flow\" style=\"flex-basis:250px\">\n<figure class=\"wp-block-image size-full is-resized\"><img loading=\"lazy\" decoding=\"async\" width=\"4368\" height=\"2912\" src=\"https:\/\/www.baeuerlein-landtechnik.de\/wp-content\/uploads\/2023\/01\/Kuhn-1137_9550_HIGH_HR-5004-DR_WORK_NEW-HOLLAND_GROUND-6.jpg\" alt=\"\" class=\"wp-image-522\" style=\"width:252px;height:168px\"\/><\/figure>\n\n\n\n<p><strong>Ackerbau<\/strong><\/p>\n\n\n\n<ul>\n<li>Bodenbearbeitungsger\u00e4te<\/li>\n\n\n\n<li>Feldspritzen<\/li>\n\n\n\n<li>S\u00e4maschine<\/li>\n\n\n\n<li>Mulchger\u00e4te<\/li>\n<\/ul>\n<\/div>\n\n\n\n<div class=\"wp-block-column is-layout-flow wp-block-column-is-layout-flow\" style=\"flex-basis:400px\">\n<figure class=\"wp-block-image size-full is-resized\"><img loading=\"lazy\" decoding=\"async\" width=\"5760\" height=\"3840\" src=\"https:\/\/www.baeuerlein-landtechnik.de\/wp-content\/uploads\/2023\/01\/Kuhn-New-Holland-1654_8208_HIGH_EUROMIX-3-CL_Loading-4.jpg\" alt=\"\" class=\"wp-image-523\" style=\"width:252px;height:168px\"\/><\/figure>\n\n\n\n<p><strong>Tierhaltung<\/strong><\/p>\n\n\n\n<ul>\n<li>Futtermischw\u00e4gen<\/li>\n<\/ul>\n\n\n\n<p><strong>(gezogen u. selbstfahrend)<\/strong><\/p>\n\n\n\n<ul>\n<li>Verteil- und Einstreuger\u00e4te<\/li>\n<\/ul>\n<\/div>\n<\/div>\n","protected":false},"excerpt":{"rendered":"<p>Kuhn &#8211; Technik f\u00fcr eine nachhaltige Landwirtschaft von morgen. Kuhn ist ein weltweit f\u00fchrender Hersteller von Landmaschinen mit \u00fcber 190 Jahren Erfahrung. Das Unternehmen bietet Landwirten innovative und effiziente Technikl\u00f6sungen, die h\u00f6chste Standards in Qualit\u00e4t und Leistung setzen. Mit einem breiten Portfolio an Maschinen f\u00fcr verschiedene landwirtschaftliche Anwendungen unterst\u00fctzt Kuhn eine nachhaltige und produktive Landwirtschaft [&hellip;]<\/p>\n","protected":false},"author":1,"featured_media":0,"parent":0,"menu_order":0,"comment_status":"closed","ping_status":"closed","template":"","meta":{"footnotes":""},"_links":{"self":[{"href":"https:\/\/www.baeuerlein-landtechnik.de\/index.php?rest_route=\/wp\/v2\/pages\/283"}],"collection":[{"href":"https:\/\/www.baeuerlein-landtechnik.de\/index.php?rest_route=\/wp\/v2\/pages"}],"about":[{"href":"https:\/\/www.baeuerlein-landtechnik.de\/index.php?rest_route=\/wp\/v2\/types\/page"}],"author":[{"embeddable":true,"href":"https:\/\/www.baeuerlein-landtechnik.de\/index.php?rest_route=\/wp\/v2\/users\/1"}],"replies":[{"embeddable":true,"href":"https:\/\/www.baeuerlein-landtechnik.de\/index.php?rest_route=%2Fwp%2Fv2%2Fcomments&post=283"}],"version-history":[{"count":27,"href":"https:\/\/www.baeuerlein-landtechnik.de\/index.php?rest_route=\/wp\/v2\/pages\/283\/revisions"}],"predecessor-version":[{"id":1745,"href":"https:\/\/www.baeuerlein-landtechnik.de\/index.php?rest_route=\/wp\/v2\/pages\/283\/revisions\/1745"}],"wp:attachment":[{"href":"https:\/\/www.baeuerlein-landtechnik.de\/index.php?rest_route=%2Fwp%2Fv2%2Fmedia&parent=283"}],"curies":[{"name":"wp","href":"https:\/\/api.w.org\/{rel}","templated":true}]}}