{"id":316,"date":"2022-11-28T10:48:01","date_gmt":"2022-11-28T09:48:01","guid":{"rendered":"http:\/\/www.ltechnik.intern\/wp\/?page_id=316"},"modified":"2025-07-09T09:54:39","modified_gmt":"2025-07-09T07:54:39","slug":"lemken","status":"publish","type":"page","link":"https:\/\/www.baeuerlein-landtechnik.de\/?page_id=316","title":{"rendered":"Lemken"},"content":{"rendered":"\n<p><strong>Lemken \u2013 Technik, die begeistert.<\/strong><\/p>\n\n\n\n<p>Lemken ist ein f\u00fchrender Anbieter von Maschinen und Ger\u00e4ten f\u00fcr die moderne Landwirtschaft. Mit \u00fcber 240 Jahren Erfahrung bietet das Unternehmen innovative L\u00f6sungen f\u00fcr die Bodenbearbeitung, Aussaat, Pflanzenschutz und D\u00fcngung. Lemken steht f\u00fcr hohe Qualit\u00e4t, Langlebigkeit und Nachhaltigkeit \u2013 alles, was Landwirte f\u00fcr ihre t\u00e4gliche Arbeit brauchen.<\/p>\n\n\n\n<p>Als Partner der Landwirtschaft setzt Lemken auf Forschung und Entwicklung, um Maschinen zu schaffen, die sowohl effizient als auch umweltfreundlich sind.<\/p>\n\n\n\n<figure class=\"wp-block-image size-large\"><a href=\"https:\/\/lemken.com\/de-de\/\" target=\"_blank\" rel=\"noopener\"><img decoding=\"async\" src=\"https:\/\/portal.lemken.com\/fileadmin\/_processed_\/4\/7\/csm_lemken-haendlerportal_7a2d87c95a.jpg\" alt=\"\"\/><\/a><\/figure>\n\n\n\n<div class=\"wp-block-columns is-layout-flex wp-container-core-columns-layout-1 wp-block-columns-is-layout-flex\">\n<div class=\"wp-block-column is-layout-flow wp-block-column-is-layout-flow\">\n<p><strong>Bodenbearbeitung<\/strong><\/p>\n\n\n\n<ul>\n<li>Pf\u00fcgen<\/li>\n\n\n\n<li>R\u00fcckverfestigung<\/li>\n\n\n\n<li>Saatbettbereitung<\/li>\n\n\n\n<li>Stoppelbearbeitung<\/li>\n<\/ul>\n<\/div>\n\n\n\n<div class=\"wp-block-column is-layout-flow wp-block-column-is-layout-flow\">\n<p><strong>Aussaat<\/strong><\/p>\n\n\n\n<ul>\n<li>Drillsaat<\/li>\n\n\n\n<li>Einzelkornsaat<\/li>\n\n\n\n<li>Zwischenfruchtsaat<\/li>\n<\/ul>\n<\/div>\n\n\n\n<div class=\"wp-block-column is-layout-flow wp-block-column-is-layout-flow\">\n<p><strong>Cropcare<\/strong><\/p>\n\n\n\n<ul>\n<li>D\u00fcngetechnik<\/li>\n\n\n\n<li>Steketee Hacktechnik<\/li>\n\n\n\n<li>Applikationstechnik f\u00fcr Fl\u00fcssigkeiten<\/li>\n<\/ul>\n<\/div>\n<\/div>\n","protected":false},"excerpt":{"rendered":"<p>Lemken \u2013 Technik, die begeistert. Lemken ist ein f\u00fchrender Anbieter von Maschinen und Ger\u00e4ten f\u00fcr die moderne Landwirtschaft. Mit \u00fcber 240 Jahren Erfahrung bietet das Unternehmen innovative L\u00f6sungen f\u00fcr die Bodenbearbeitung, Aussaat, Pflanzenschutz und D\u00fcngung. Lemken steht f\u00fcr hohe Qualit\u00e4t, Langlebigkeit und Nachhaltigkeit \u2013 alles, was Landwirte f\u00fcr ihre t\u00e4gliche Arbeit brauchen. Als Partner der [&hellip;]<\/p>\n","protected":false},"author":1,"featured_media":0,"parent":0,"menu_order":0,"comment_status":"closed","ping_status":"closed","template":"","meta":{"footnotes":""},"_links":{"self":[{"href":"https:\/\/www.baeuerlein-landtechnik.de\/index.php?rest_route=\/wp\/v2\/pages\/316"}],"collection":[{"href":"https:\/\/www.baeuerlein-landtechnik.de\/index.php?rest_route=\/wp\/v2\/pages"}],"about":[{"href":"https:\/\/www.baeuerlein-landtechnik.de\/index.php?rest_route=\/wp\/v2\/types\/page"}],"author":[{"embeddable":true,"href":"https:\/\/www.baeuerlein-landtechnik.de\/index.php?rest_route=\/wp\/v2\/users\/1"}],"replies":[{"embeddable":true,"href":"https:\/\/www.baeuerlein-landtechnik.de\/index.php?rest_route=%2Fwp%2Fv2%2Fcomments&post=316"}],"version-history":[{"count":15,"href":"https:\/\/www.baeuerlein-landtechnik.de\/index.php?rest_route=\/wp\/v2\/pages\/316\/revisions"}],"predecessor-version":[{"id":1737,"href":"https:\/\/www.baeuerlein-landtechnik.de\/index.php?rest_route=\/wp\/v2\/pages\/316\/revisions\/1737"}],"wp:attachment":[{"href":"https:\/\/www.baeuerlein-landtechnik.de\/index.php?rest_route=%2Fwp%2Fv2%2Fmedia&parent=316"}],"curies":[{"name":"wp","href":"https:\/\/api.w.org\/{rel}","templated":true}]}}