{"id":322,"date":"2022-11-28T11:07:01","date_gmt":"2022-11-28T10:07:01","guid":{"rendered":"http:\/\/www.ltechnik.intern\/wp\/?page_id=322"},"modified":"2025-07-09T11:17:04","modified_gmt":"2025-07-09T09:17:04","slug":"husqvarna","status":"publish","type":"page","link":"https:\/\/www.baeuerlein-landtechnik.de\/?page_id=322","title":{"rendered":"Husqvarna"},"content":{"rendered":"\n<p><strong>Husqvarna &#8211; Technik, die man f\u00fchlt. <\/strong><\/p>\n\n\n\n<p>Husqvarna ist eine traditionsreiche, vielfach diversifizierte und gleichzeitg hochinnovative Firma mit starkem Fokus auf nachhaltige Technologien f\u00fcr Forstwirtschaft, Gartenpflege und Bauindustrie. Ihre Innovationen vereinen Leistung und Benutzerfreundlichkeit mit Sicherheit und Umweltschutz. Die Produktpalette reicht von klassischen Motors\u00e4gen bis hin zu Robotik und smarten Bew\u00e4ssungsl\u00f6sungen. <\/p>\n\n\n\n<div class=\"wp-block-columns is-layout-flex wp-container-core-columns-layout-1 wp-block-columns-is-layout-flex\">\n<div class=\"wp-block-column is-vertically-aligned-center is-layout-flow wp-block-column-is-layout-flow\"><div class=\"wp-block-image\">\n<figure class=\"alignleft size-full is-resized\"><img loading=\"lazy\" decoding=\"async\" width=\"1470\" height=\"600\" src=\"https:\/\/www.baeuerlein-landtechnik.de\/wp-content\/uploads\/2023\/01\/husqvarna-akku-produkte-uebersicht-werkbank-01-large-1.jpg\" alt=\"\" class=\"wp-image-406\" style=\"width:352px;height:144px\"\/><\/figure><\/div><\/div>\n\n\n\n<div class=\"wp-block-column is-vertically-aligned-center is-layout-flow wp-block-column-is-layout-flow\"><\/div>\n<\/div>\n","protected":false},"excerpt":{"rendered":"<p>Husqvarna &#8211; Technik, die man f\u00fchlt. Husqvarna ist eine traditionsreiche, vielfach diversifizierte und gleichzeitg hochinnovative Firma mit starkem Fokus auf nachhaltige Technologien f\u00fcr Forstwirtschaft, Gartenpflege und Bauindustrie. Ihre Innovationen vereinen Leistung und Benutzerfreundlichkeit mit Sicherheit und Umweltschutz. Die Produktpalette reicht von klassischen Motors\u00e4gen bis hin zu Robotik und smarten Bew\u00e4ssungsl\u00f6sungen.<\/p>\n","protected":false},"author":1,"featured_media":0,"parent":0,"menu_order":0,"comment_status":"closed","ping_status":"closed","template":"","meta":{"footnotes":""},"_links":{"self":[{"href":"https:\/\/www.baeuerlein-landtechnik.de\/index.php?rest_route=\/wp\/v2\/pages\/322"}],"collection":[{"href":"https:\/\/www.baeuerlein-landtechnik.de\/index.php?rest_route=\/wp\/v2\/pages"}],"about":[{"href":"https:\/\/www.baeuerlein-landtechnik.de\/index.php?rest_route=\/wp\/v2\/types\/page"}],"author":[{"embeddable":true,"href":"https:\/\/www.baeuerlein-landtechnik.de\/index.php?rest_route=\/wp\/v2\/users\/1"}],"replies":[{"embeddable":true,"href":"https:\/\/www.baeuerlein-landtechnik.de\/index.php?rest_route=%2Fwp%2Fv2%2Fcomments&post=322"}],"version-history":[{"count":28,"href":"https:\/\/www.baeuerlein-landtechnik.de\/index.php?rest_route=\/wp\/v2\/pages\/322\/revisions"}],"predecessor-version":[{"id":1766,"href":"https:\/\/www.baeuerlein-landtechnik.de\/index.php?rest_route=\/wp\/v2\/pages\/322\/revisions\/1766"}],"wp:attachment":[{"href":"https:\/\/www.baeuerlein-landtechnik.de\/index.php?rest_route=%2Fwp%2Fv2%2Fmedia&parent=322"}],"curies":[{"name":"wp","href":"https:\/\/api.w.org\/{rel}","templated":true}]}}