{"id":329,"date":"2022-11-28T11:25:23","date_gmt":"2022-11-28T10:25:23","guid":{"rendered":"http:\/\/www.ltechnik.intern\/wp\/?page_id=329"},"modified":"2025-07-09T10:11:20","modified_gmt":"2025-07-09T08:11:20","slug":"faresin","status":"publish","type":"page","link":"https:\/\/www.baeuerlein-landtechnik.de\/?page_id=329","title":{"rendered":"Faresin"},"content":{"rendered":"\n<p class=\"has-text-align-left\"><strong>Faresin \u2013 Innovation f\u00fcr starke Leistung, \u00fcberall und jederzeit.<\/strong><\/p>\n\n\n\n<p class=\"has-text-align-left\">Faresin bietet ein vielseitiges Produktportfolio, das vor allem durch hochmoderne <strong>Teleskoplader<\/strong> besticht. Diese Maschinen sind in verschiedenen Ausf\u00fchrungen erh\u00e4ltlich und zeichnen sich durch ihre Vielseitigkeit und Leistungskraft aus. Neben Teleskopladern umfasst das Portfolio auch <strong>Schaufeln<\/strong>, <strong>Bodenbearbeitungsger\u00e4te<\/strong> sowie <strong>Anbauger\u00e4te<\/strong> f\u00fcr die Landwirtschaft und Bauindustrie. Faresin setzt auf innovative Technologie und robuste Konstruktion, um h\u00f6chste Effizienz und Nachhaltigkeit in anspruchsvollen Einsatzbereichen zu gew\u00e4hrleisten.<\/p>\n\n\n\n<div class=\"wp-block-columns is-layout-flex wp-container-core-columns-layout-1 wp-block-columns-is-layout-flex\">\n<div class=\"wp-block-column is-layout-flow wp-block-column-is-layout-flow\"><div class=\"wp-block-image\">\n<figure class=\"aligncenter size-full\"><img loading=\"lazy\" decoding=\"async\" width=\"702\" height=\"600\" src=\"https:\/\/www.baeuerlein-landtechnik.de\/wp-content\/uploads\/2023\/02\/faresin-home-sollevatori.jpg\" alt=\"\" class=\"wp-image-960\"\/><\/figure><\/div><\/div>\n\n\n\n<div class=\"wp-block-column is-layout-flow wp-block-column-is-layout-flow\"><div class=\"wp-block-image\">\n<figure class=\"aligncenter size-full\"><img loading=\"lazy\" decoding=\"async\" width=\"702\" height=\"600\" src=\"https:\/\/www.baeuerlein-landtechnik.de\/wp-content\/uploads\/2023\/02\/faresin-home-carri-miscelatori.jpg\" alt=\"\" class=\"wp-image-961\"\/><\/figure><\/div><\/div>\n\n\n\n<div class=\"wp-block-column is-layout-flow wp-block-column-is-layout-flow\"><div class=\"wp-block-image\">\n<figure class=\"aligncenter size-full\"><img loading=\"lazy\" decoding=\"async\" width=\"702\" height=\"600\" src=\"https:\/\/www.baeuerlein-landtechnik.de\/wp-content\/uploads\/2023\/02\/faresin-home-sollevatori-full-electric.jpg\" alt=\"\" class=\"wp-image-962\"\/><\/figure><\/div><\/div>\n<\/div>\n\n\n\n<div class=\"wp-block-columns is-layout-flex wp-container-core-columns-layout-2 wp-block-columns-is-layout-flex\">\n<div class=\"wp-block-column is-layout-flow wp-block-column-is-layout-flow\">\n<p class=\"has-text-align-center\"><strong>Teleskoplader<\/strong><\/p>\n\n\n\n<p class=\"has-text-align-center\">Die Faresin-Teleskoplader bieten Modelle mit Auslegerl\u00e4ngen von 6 bis 17 Metern und Hubkapazit\u00e4ten von 2,6 bis 7 Tonnen.<\/p>\n<\/div>\n\n\n\n<div class=\"wp-block-column is-layout-flow wp-block-column-is-layout-flow\">\n<p class=\"has-text-align-center\"><strong>Futtermischwagen<\/strong><\/p>\n\n\n\n<p class=\"has-text-align-center\">Die selbstfahrenden, gezogenen oder station\u00e4ren Futtermischw\u00e4gen mit einer, zwei oder drei Schnecken, mit vertikaler oder horizontaler Mischung und einem Fassungsverm\u00f6gen von 9 bis 46 Kubikmetern lassen keine W\u00fcnsche offen.<\/p>\n<\/div>\n\n\n\n<div class=\"wp-block-column is-layout-flow wp-block-column-is-layout-flow\">\n<p class=\"has-text-align-center\"><strong>Full Electric<\/strong><\/p>\n\n\n\n<p class=\"has-text-align-center\">Die elektrischen Faresin-Teleskoplader umfassen Auslegerl\u00e4ngen von 6 bis 17 Metern und Hubkapazit\u00e4ten von 2,6 bis 4,5 Tonnen.<\/p>\n<\/div>\n<\/div>\n\n\n\n<p><\/p>\n","protected":false},"excerpt":{"rendered":"<p>Faresin \u2013 Innovation f\u00fcr starke Leistung, \u00fcberall und jederzeit. Faresin bietet ein vielseitiges Produktportfolio, das vor allem durch hochmoderne Teleskoplader besticht. Diese Maschinen sind in verschiedenen Ausf\u00fchrungen erh\u00e4ltlich und zeichnen sich durch ihre Vielseitigkeit und Leistungskraft aus. Neben Teleskopladern umfasst das Portfolio auch Schaufeln, Bodenbearbeitungsger\u00e4te sowie Anbauger\u00e4te f\u00fcr die Landwirtschaft und Bauindustrie. Faresin setzt auf [&hellip;]<\/p>\n","protected":false},"author":1,"featured_media":0,"parent":0,"menu_order":0,"comment_status":"closed","ping_status":"closed","template":"","meta":{"footnotes":""},"_links":{"self":[{"href":"https:\/\/www.baeuerlein-landtechnik.de\/index.php?rest_route=\/wp\/v2\/pages\/329"}],"collection":[{"href":"https:\/\/www.baeuerlein-landtechnik.de\/index.php?rest_route=\/wp\/v2\/pages"}],"about":[{"href":"https:\/\/www.baeuerlein-landtechnik.de\/index.php?rest_route=\/wp\/v2\/types\/page"}],"author":[{"embeddable":true,"href":"https:\/\/www.baeuerlein-landtechnik.de\/index.php?rest_route=\/wp\/v2\/users\/1"}],"replies":[{"embeddable":true,"href":"https:\/\/www.baeuerlein-landtechnik.de\/index.php?rest_route=%2Fwp%2Fv2%2Fcomments&post=329"}],"version-history":[{"count":20,"href":"https:\/\/www.baeuerlein-landtechnik.de\/index.php?rest_route=\/wp\/v2\/pages\/329\/revisions"}],"predecessor-version":[{"id":1747,"href":"https:\/\/www.baeuerlein-landtechnik.de\/index.php?rest_route=\/wp\/v2\/pages\/329\/revisions\/1747"}],"wp:attachment":[{"href":"https:\/\/www.baeuerlein-landtechnik.de\/index.php?rest_route=%2Fwp%2Fv2%2Fmedia&parent=329"}],"curies":[{"name":"wp","href":"https:\/\/api.w.org\/{rel}","templated":true}]}}