{"id":351,"date":"2023-01-16T12:05:21","date_gmt":"2023-01-16T11:05:21","guid":{"rendered":"http:\/\/www.ltechnik.intern\/wp\/?page_id=351"},"modified":"2025-08-29T11:51:19","modified_gmt":"2025-08-29T09:51:19","slug":"ersatzteile","status":"publish","type":"page","link":"https:\/\/www.baeuerlein-landtechnik.de\/?page_id=351","title":{"rendered":"Ersatzteile &#8211; Online &#038; Vor Ort!"},"content":{"rendered":"\n<p>Bei uns finden Sie ein umfangreiches Sortiment an hochwertigen Ersatzteilen und Zubeh\u00f6r f\u00fcr die Landwirtschaft &#8211; sowohl im Online-Shop als auch direkt vor Ort in unserem Laden. <\/p>\n\n\n\n<p><\/p>\n\n\n\n<h4 class=\"wp-block-heading\">\u00d6ffnungszeiten Laden<\/h4>\n\n\n\n<ul>\n<li><strong>Montag bis Freitag <\/strong>07:30 &#8211; 12:00 Uhr &amp; 13:00 &#8211; 17:00 Uhr <\/li>\n\n\n\n<li><strong>Samstag<\/strong> 08:00 &#8211; 13:00 Uhr<\/li>\n<\/ul>\n\n\n\n<div class=\"wp-block-columns is-layout-flex wp-container-core-columns-layout-1 wp-block-columns-is-layout-flex\">\n<div class=\"wp-block-column is-layout-flow wp-block-column-is-layout-flow\">\n<p><\/p>\n\n\n\n<h4 class=\"wp-block-heading has-text-align-left\">Ersatzteile Online <\/h4>\n\n\n\n<p>St\u00f6bern Sie bequem von zu Hause aus und bestellen Sie schnell und einfach die ben\u00f6tigten Ersatzteile. <\/p>\n<\/div>\n<\/div>\n\n\n\n<div class=\"wp-block-columns is-layout-flex wp-container-core-columns-layout-2 wp-block-columns-is-layout-flex\">\n<div class=\"wp-block-column is-vertically-aligned-center has-background is-layout-flow wp-block-column-is-layout-flow\" style=\"background-color:#d9e6f2\">\n<p class=\"has-text-align-center\">Jetzt zum <strong>Granit &#8211; Onlineshop<\/strong><\/p>\n\n\n\n<div class=\"wp-block-buttons is-content-justification-center is-layout-flex wp-container-core-buttons-layout-1 wp-block-buttons-is-layout-flex\">\n<div class=\"wp-block-button is-style-fill\"><a class=\"wp-block-button__link has-luminous-vivid-amber-color has-text-color has-background wp-element-button\" href=\"http:\/\/partner-de.allmakes-nhag-granit.com\/dealer\/TVRreU13PT1ORFl4TVRneA==\" style=\"background-color:#1a0ca9\" target=\"_blank\" rel=\"noreferrer noopener\"> <mark style=\"background-color:rgba(0, 0, 0, 0)\" class=\"has-inline-color has-white-color\">GRANIT Shop<\/mark> <\/a><\/div>\n<\/div>\n<\/div>\n<\/div>\n\n\n\n<div class=\"wp-block-columns is-layout-flex wp-container-core-columns-layout-3 wp-block-columns-is-layout-flex\">\n<div class=\"wp-block-column has-background is-layout-flow wp-block-column-is-layout-flow\" style=\"background-color:#d9e6f2\">\n<p class=\"has-text-align-center\">Finden Sie im <strong>New Holland Ersatzteilkatalog und Onlineshop<\/strong> Ihre Ersatzteile.<\/p>\n\n\n\n<div class=\"wp-block-buttons is-layout-flex wp-block-buttons-is-layout-flex\">\n<div class=\"wp-block-button is-style-fill aligncenter\"><a class=\"wp-block-button__link has-luminous-vivid-amber-background-color has-background wp-element-button\" href=\"https:\/\/www.mycnhstore.com\/de\/de\/default\/b\u00e4uerlein\" target=\"_blank\" rel=\"noreferrer noopener\">mycnhstore <\/a><\/div>\n<\/div>\n<\/div>\n<\/div>\n\n\n\n<p class=\"has-text-align-center has-cyan-bluish-gray-background-color has-background\">Sie suchen noch? Bei uns finden Sie! <a href=\"https:\/\/www.baeuerlein-landtechnik.de\/?page_id=16\">Kontakt<\/a><\/p>\n\n\n\n<div style=\"height:28px\" aria-hidden=\"true\" class=\"wp-block-spacer\"><\/div>\n","protected":false},"excerpt":{"rendered":"<p>Bei uns finden Sie ein umfangreiches Sortiment an hochwertigen Ersatzteilen und Zubeh\u00f6r f\u00fcr die Landwirtschaft &#8211; sowohl im Online-Shop als auch direkt vor Ort in unserem Laden. \u00d6ffnungszeiten Laden Ersatzteile Online St\u00f6bern Sie bequem von zu Hause aus und bestellen Sie schnell und einfach die ben\u00f6tigten Ersatzteile. Jetzt zum Granit &#8211; Onlineshop Finden Sie im [&hellip;]<\/p>\n","protected":false},"author":1,"featured_media":0,"parent":0,"menu_order":0,"comment_status":"closed","ping_status":"closed","template":"","meta":{"footnotes":""},"_links":{"self":[{"href":"https:\/\/www.baeuerlein-landtechnik.de\/index.php?rest_route=\/wp\/v2\/pages\/351"}],"collection":[{"href":"https:\/\/www.baeuerlein-landtechnik.de\/index.php?rest_route=\/wp\/v2\/pages"}],"about":[{"href":"https:\/\/www.baeuerlein-landtechnik.de\/index.php?rest_route=\/wp\/v2\/types\/page"}],"author":[{"embeddable":true,"href":"https:\/\/www.baeuerlein-landtechnik.de\/index.php?rest_route=\/wp\/v2\/users\/1"}],"replies":[{"embeddable":true,"href":"https:\/\/www.baeuerlein-landtechnik.de\/index.php?rest_route=%2Fwp%2Fv2%2Fcomments&post=351"}],"version-history":[{"count":91,"href":"https:\/\/www.baeuerlein-landtechnik.de\/index.php?rest_route=\/wp\/v2\/pages\/351\/revisions"}],"predecessor-version":[{"id":1876,"href":"https:\/\/www.baeuerlein-landtechnik.de\/index.php?rest_route=\/wp\/v2\/pages\/351\/revisions\/1876"}],"wp:attachment":[{"href":"https:\/\/www.baeuerlein-landtechnik.de\/index.php?rest_route=%2Fwp%2Fv2%2Fmedia&parent=351"}],"curies":[{"name":"wp","href":"https:\/\/api.w.org\/{rel}","templated":true}]}}