{"id":395,"date":"2023-01-16T14:01:43","date_gmt":"2023-01-16T13:01:43","guid":{"rendered":"http:\/\/www.ltechnik.intern\/wp\/?page_id=395"},"modified":"2025-07-09T09:59:46","modified_gmt":"2025-07-09T07:59:46","slug":"bogballe","status":"publish","type":"page","link":"https:\/\/www.baeuerlein-landtechnik.de\/?page_id=395","title":{"rendered":"Bogballe"},"content":{"rendered":"\n<p><strong>Bogballe \u2013 Pr\u00e4zision in der D\u00fcngung, f\u00fcr eine nachhaltige Landwirtschaft.<\/strong><\/p>\n\n\n\n<p>Bogballe entwickelt und produziert hochwertige Minerald\u00fcngerstreuer, darunter Kunstd\u00fcngerstreuer sowie Salz- und Sandstreuer. Durch jahrelange Zusammenarbeit mit Landwirten entstehen Ger\u00e4te, die durch ihre optimale Funktionalit\u00e4t und benutzerfreundliches Design \u00fcberzeugen. So wird eine effiziente und pr\u00e4zise D\u00fcngung erm\u00f6glicht, die den Ertrag steigert und gleichzeitig Ressourcen schont.<\/p>\n\n\n\n<div class=\"wp-block-columns is-layout-flex wp-container-core-columns-layout-1 wp-block-columns-is-layout-flex\">\n<div class=\"wp-block-column is-layout-flow wp-block-column-is-layout-flow\">\n<figure class=\"wp-block-image size-full\"><img loading=\"lazy\" decoding=\"async\" width=\"5341\" height=\"3560\" src=\"https:\/\/www.baeuerlein-landtechnik.de\/wp-content\/uploads\/2023\/01\/5152_10003.jpg\" alt=\"\" class=\"wp-image-410\"\/><\/figure>\n<\/div>\n\n\n\n<div class=\"wp-block-column is-layout-flow wp-block-column-is-layout-flow\">\n<figure class=\"wp-block-image size-full\"><img loading=\"lazy\" decoding=\"async\" width=\"4368\" height=\"2912\" src=\"https:\/\/www.baeuerlein-landtechnik.de\/wp-content\/uploads\/2023\/01\/3535_10003.jpg\" alt=\"\" class=\"wp-image-408\"\/><\/figure>\n<\/div>\n<\/div>\n","protected":false},"excerpt":{"rendered":"<p>Bogballe \u2013 Pr\u00e4zision in der D\u00fcngung, f\u00fcr eine nachhaltige Landwirtschaft. Bogballe entwickelt und produziert hochwertige Minerald\u00fcngerstreuer, darunter Kunstd\u00fcngerstreuer sowie Salz- und Sandstreuer. Durch jahrelange Zusammenarbeit mit Landwirten entstehen Ger\u00e4te, die durch ihre optimale Funktionalit\u00e4t und benutzerfreundliches Design \u00fcberzeugen. So wird eine effiziente und pr\u00e4zise D\u00fcngung erm\u00f6glicht, die den Ertrag steigert und gleichzeitig Ressourcen schont.<\/p>\n","protected":false},"author":1,"featured_media":0,"parent":0,"menu_order":0,"comment_status":"closed","ping_status":"closed","template":"","meta":{"footnotes":""},"_links":{"self":[{"href":"https:\/\/www.baeuerlein-landtechnik.de\/index.php?rest_route=\/wp\/v2\/pages\/395"}],"collection":[{"href":"https:\/\/www.baeuerlein-landtechnik.de\/index.php?rest_route=\/wp\/v2\/pages"}],"about":[{"href":"https:\/\/www.baeuerlein-landtechnik.de\/index.php?rest_route=\/wp\/v2\/types\/page"}],"author":[{"embeddable":true,"href":"https:\/\/www.baeuerlein-landtechnik.de\/index.php?rest_route=\/wp\/v2\/users\/1"}],"replies":[{"embeddable":true,"href":"https:\/\/www.baeuerlein-landtechnik.de\/index.php?rest_route=%2Fwp%2Fv2%2Fcomments&post=395"}],"version-history":[{"count":25,"href":"https:\/\/www.baeuerlein-landtechnik.de\/index.php?rest_route=\/wp\/v2\/pages\/395\/revisions"}],"predecessor-version":[{"id":1741,"href":"https:\/\/www.baeuerlein-landtechnik.de\/index.php?rest_route=\/wp\/v2\/pages\/395\/revisions\/1741"}],"wp:attachment":[{"href":"https:\/\/www.baeuerlein-landtechnik.de\/index.php?rest_route=%2Fwp%2Fv2%2Fmedia&parent=395"}],"curies":[{"name":"wp","href":"https:\/\/api.w.org\/{rel}","templated":true}]}}