{"id":414,"date":"2023-01-16T14:12:48","date_gmt":"2023-01-16T13:12:48","guid":{"rendered":"http:\/\/www.ltechnik.intern\/wp\/?page_id=414"},"modified":"2025-07-09T10:04:31","modified_gmt":"2025-07-09T08:04:31","slug":"brantner","status":"publish","type":"page","link":"https:\/\/www.baeuerlein-landtechnik.de\/?page_id=414","title":{"rendered":"Brantner"},"content":{"rendered":"\n<p class=\"has-text-align-left\"><strong>Brantner &#8211; Innovation in Bewegung, Qualit\u00e4t in jedem Detail.<\/strong><\/p>\n\n\n\n<p class=\"has-text-align-left\">Brantner ist ein f\u00fchrendes Unternehmen in Westeuropa, das auf die Entwicklung und Produktion von hochwertigen Nutzfahrzeugen spezialisiert ist. Mit einem klaren Fokus auf Innovation und kontinuierliche Weiterentwicklung, basierend auf den Visionen der Gr\u00fcnderfamilie, hat sich Brantner als Marktf\u00fchrer etabliert. Das Sortiment umfasst eine breite Palette an Fahrzeugen, darunter Kipper, Tieflader, Plattformwagen, Muldenkipper, Abschiebewagen und Streutechnik. Das Unternehmen steht f\u00fcr durchdachte L\u00f6sungen und exzellente Qualit\u00e4t in jedem Detail.<\/p>\n\n\n\n<div class=\"wp-block-columns is-layout-flex wp-container-core-columns-layout-1 wp-block-columns-is-layout-flex\">\n<div class=\"wp-block-column is-layout-flow wp-block-column-is-layout-flow\" style=\"flex-basis:44.45%\"><div class=\"wp-block-image\">\n<figure class=\"alignright size-full is-resized\"><img loading=\"lazy\" decoding=\"async\" width=\"1920\" height=\"1280\" src=\"https:\/\/www.baeuerlein-landtechnik.de\/wp-content\/uploads\/2023\/01\/02-Vorteile-Brantner-Tandem-Dreiseitenkipper_Muldenabschluss.jpg\" alt=\"\" class=\"wp-image-415\" style=\"width:339px;height:226px\"\/><\/figure><\/div><\/div>\n\n\n\n<div class=\"wp-block-column is-layout-flow wp-block-column-is-layout-flow\" style=\"flex-basis:33.33%\"><div class=\"wp-block-image\">\n<figure class=\"alignleft size-full is-resized\"><img loading=\"lazy\" decoding=\"async\" width=\"865\" height=\"663\" src=\"https:\/\/www.baeuerlein-landtechnik.de\/wp-content\/uploads\/2023\/01\/Brantner-streuer.png\" alt=\"\" class=\"wp-image-562\" style=\"width:297px;height:227px\"\/><\/figure><\/div><\/div>\n<\/div>\n","protected":false},"excerpt":{"rendered":"<p>Brantner &#8211; Innovation in Bewegung, Qualit\u00e4t in jedem Detail. Brantner ist ein f\u00fchrendes Unternehmen in Westeuropa, das auf die Entwicklung und Produktion von hochwertigen Nutzfahrzeugen spezialisiert ist. Mit einem klaren Fokus auf Innovation und kontinuierliche Weiterentwicklung, basierend auf den Visionen der Gr\u00fcnderfamilie, hat sich Brantner als Marktf\u00fchrer etabliert. Das Sortiment umfasst eine breite Palette an [&hellip;]<\/p>\n","protected":false},"author":1,"featured_media":0,"parent":0,"menu_order":0,"comment_status":"closed","ping_status":"closed","template":"","meta":{"footnotes":""},"_links":{"self":[{"href":"https:\/\/www.baeuerlein-landtechnik.de\/index.php?rest_route=\/wp\/v2\/pages\/414"}],"collection":[{"href":"https:\/\/www.baeuerlein-landtechnik.de\/index.php?rest_route=\/wp\/v2\/pages"}],"about":[{"href":"https:\/\/www.baeuerlein-landtechnik.de\/index.php?rest_route=\/wp\/v2\/types\/page"}],"author":[{"embeddable":true,"href":"https:\/\/www.baeuerlein-landtechnik.de\/index.php?rest_route=\/wp\/v2\/users\/1"}],"replies":[{"embeddable":true,"href":"https:\/\/www.baeuerlein-landtechnik.de\/index.php?rest_route=%2Fwp%2Fv2%2Fcomments&post=414"}],"version-history":[{"count":9,"href":"https:\/\/www.baeuerlein-landtechnik.de\/index.php?rest_route=\/wp\/v2\/pages\/414\/revisions"}],"predecessor-version":[{"id":1742,"href":"https:\/\/www.baeuerlein-landtechnik.de\/index.php?rest_route=\/wp\/v2\/pages\/414\/revisions\/1742"}],"wp:attachment":[{"href":"https:\/\/www.baeuerlein-landtechnik.de\/index.php?rest_route=%2Fwp%2Fv2%2Fmedia&parent=414"}],"curies":[{"name":"wp","href":"https:\/\/api.w.org\/{rel}","templated":true}]}}