{"id":81,"date":"2022-11-22T11:23:29","date_gmt":"2022-11-22T10:23:29","guid":{"rendered":"http:\/\/www.ltechnik.intern\/wp\/?page_id=81"},"modified":"2025-09-25T10:35:53","modified_gmt":"2025-09-25T08:35:53","slug":"unsere-partner","status":"publish","type":"page","link":"https:\/\/www.baeuerlein-landtechnik.de\/?page_id=81","title":{"rendered":"Unsere Partner"},"content":{"rendered":"\n<p class=\"has-text-align-left\"><em>Unser Ziel ist eine hohe und dauerhafte Kundenzufriedenheit, deshalb setzen wir auf Marken, Partner und Lieferanten mit langj\u00e4hriger Erfahrung, hohem Wissen und gleichen Perspektiven. Somit k\u00f6nnen wir ma\u00dfgeschneidert auf Ihre Bed\u00fcrfnisse eingehen und Ihnen ein breites Sortiment anbieten.<\/em><\/p>\n\n\n\n<p><\/p>\n\n\n\n<div class=\"wp-block-columns is-layout-flex wp-container-core-columns-layout-1 wp-block-columns-is-layout-flex\">\n<div class=\"wp-block-column is-layout-flow wp-block-column-is-layout-flow\" style=\"flex-basis:25%\"><\/div>\n\n\n\n<div class=\"wp-block-column is-layout-flow wp-block-column-is-layout-flow\" style=\"flex-basis:50%\"><div class=\"wp-block-image\">\n<figure class=\"aligncenter size-full is-resized\"><a href=\"https:\/\/agriculture.newholland.com\/eu\/de-de\" target=\"_blank\" rel=\"noopener\"><img loading=\"lazy\" decoding=\"async\" width=\"207\" height=\"70\" src=\"https:\/\/www.baeuerlein-landtechnik.de\/wp-content\/uploads\/2022\/11\/NewHolland-1.webp\" alt=\"\" class=\"wp-image-86\" style=\"width:358px;height:121px\"\/><\/a><\/figure><\/div><\/div>\n\n\n\n<div class=\"wp-block-column is-layout-flow wp-block-column-is-layout-flow\" style=\"flex-basis:25%\"><\/div>\n<\/div>\n\n\n\n<div style=\"height:75px\" aria-hidden=\"true\" class=\"wp-block-spacer\"><\/div>\n\n\n\n<div class=\"wp-block-columns alignfull is-layout-flex wp-container-core-columns-layout-2 wp-block-columns-is-layout-flex\">\n<div class=\"wp-block-column is-layout-flow wp-block-column-is-layout-flow\"><div class=\"wp-block-image\">\n<figure class=\"aligncenter size-large is-resized\"><a href=\"https:\/\/lemken.com\/de-de\/\" target=\"_blank\" rel=\"noopener\"><img decoding=\"async\" src=\"https:\/\/shop.lemken.com\/media\/image\/83\/5d\/24\/LEMKEN_Logo.png\" alt=\"\" style=\"width:344px;height:65px\"\/><\/a><\/figure><\/div><\/div>\n\n\n\n<div class=\"wp-block-column is-layout-flow wp-block-column-is-layout-flow\"><div class=\"wp-block-image\">\n<figure class=\"aligncenter size-large is-resized\"><a href=\"https:\/\/www.kuhn.de\/\" target=\"_blank\" rel=\"noopener\"><img decoding=\"async\" src=\"https:\/\/www.kuhn.de\/themes\/custom\/kuhn\/images\/kuhn_logotype.svg\" alt=\"\" style=\"width:185px;height:96px\"\/><\/a><\/figure><\/div><\/div>\n\n\n\n<div class=\"wp-block-column is-layout-flow wp-block-column-is-layout-flow\"><div class=\"wp-block-image\">\n<figure class=\"aligncenter size-full\"><a href=\"https:\/\/www.faresin.com\/de\/\" target=\"_blank\" rel=\"noopener\"><img loading=\"lazy\" decoding=\"async\" width=\"1717\" height=\"372\" src=\"https:\/\/www.baeuerlein-landtechnik.de\/wp-content\/uploads\/2023\/02\/Faresin.png\" alt=\"\" class=\"wp-image-950\"\/><\/a><\/figure><\/div><\/div>\n<\/div>\n\n\n\n<div style=\"height:75px\" aria-hidden=\"true\" class=\"wp-block-spacer\"><\/div>\n\n\n\n<div class=\"wp-block-columns alignfull are-vertically-aligned-center is-layout-flex wp-container-core-columns-layout-3 wp-block-columns-is-layout-flex\">\n<div class=\"wp-block-column is-vertically-aligned-center is-layout-flow wp-block-column-is-layout-flow\"><div class=\"wp-block-image\">\n<figure class=\"aligncenter size-full is-resized\"><a href=\"https:\/\/www.joskin.com\/de\" target=\"_blank\" rel=\"noopener\"><img loading=\"lazy\" decoding=\"async\" width=\"300\" height=\"100\" src=\"https:\/\/www.baeuerlein-landtechnik.de\/wp-content\/uploads\/2022\/11\/Joskin2.png\" alt=\"\" class=\"wp-image-90\" style=\"width:300px;height:100px\"\/><\/a><\/figure><\/div><\/div>\n\n\n\n<div class=\"wp-block-column is-vertically-aligned-center is-layout-flow wp-block-column-is-layout-flow\"><div class=\"wp-block-image\">\n<figure class=\"aligncenter size-large\"><a href=\"https:\/\/www.bomech.de\/\" target=\"_blank\" rel=\"noopener\"><img decoding=\"async\" src=\"https:\/\/www.bomech.de\/wp-content\/themes\/kist\/images\/bomech_logo.gif\" alt=\"\"\/><\/a><\/figure><\/div><\/div>\n\n\n\n<div class=\"wp-block-column is-vertically-aligned-center is-layout-flow wp-block-column-is-layout-flow\">\n<figure class=\"wp-block-image size-full\"><a href=\"https:\/\/www.reck-agrartechnik.com\/\" target=\"_blank\" rel=\"noreferrer noopener\"><img loading=\"lazy\" decoding=\"async\" width=\"225\" height=\"225\" src=\"https:\/\/www.baeuerlein-landtechnik.de\/wp-content\/uploads\/2024\/02\/Reck-1.png\" alt=\"\" class=\"wp-image-1551\" srcset=\"https:\/\/www.baeuerlein-landtechnik.de\/wp-content\/uploads\/2024\/02\/Reck-1.png 225w, https:\/\/www.baeuerlein-landtechnik.de\/wp-content\/uploads\/2024\/02\/Reck-1-150x150.png 150w\" sizes=\"(max-width: 225px) 100vw, 225px\" \/><\/a><\/figure>\n<\/div>\n<\/div>\n\n\n\n<div style=\"height:75px\" aria-hidden=\"true\" class=\"wp-block-spacer\"><\/div>\n\n\n\n<div class=\"wp-block-columns alignfull are-vertically-aligned-center is-layout-flex wp-container-core-columns-layout-4 wp-block-columns-is-layout-flex\">\n<div class=\"wp-block-column is-vertically-aligned-center is-layout-flow wp-block-column-is-layout-flow\">\n<figure class=\"wp-block-image size-full\"><a href=\"https:\/\/hardi.com\/de\" target=\"_blank\" rel=\"noreferrer noopener\"><img loading=\"lazy\" decoding=\"async\" width=\"225\" height=\"225\" src=\"https:\/\/www.baeuerlein-landtechnik.de\/wp-content\/uploads\/2024\/02\/Hardi.png\" alt=\"\" class=\"wp-image-1561\" srcset=\"https:\/\/www.baeuerlein-landtechnik.de\/wp-content\/uploads\/2024\/02\/Hardi.png 225w, https:\/\/www.baeuerlein-landtechnik.de\/wp-content\/uploads\/2024\/02\/Hardi-150x150.png 150w\" sizes=\"(max-width: 225px) 100vw, 225px\" \/><\/a><\/figure>\n<\/div>\n\n\n\n<div class=\"wp-block-column is-vertically-aligned-center is-layout-flow wp-block-column-is-layout-flow\">\n<figure class=\"wp-block-image size-full is-resized\"><a href=\"https:\/\/www.bogballe.com\/de\/duengerstreuer\/\" target=\"_blank\" rel=\"noreferrer noopener\"><img loading=\"lazy\" decoding=\"async\" width=\"2000\" height=\"465\" src=\"https:\/\/www.baeuerlein-landtechnik.de\/wp-content\/uploads\/2022\/11\/1923_10002.jpg\" alt=\"\" class=\"wp-image-334\" style=\"width:257px;height:auto\"\/><\/a><\/figure>\n<\/div>\n\n\n\n<div class=\"wp-block-column is-vertically-aligned-center is-layout-flow wp-block-column-is-layout-flow\"><div class=\"wp-block-image\">\n<figure class=\"aligncenter size-full is-resized\"><a href=\"https:\/\/www.hb-brantner.at\/de\/produkte\/produktuebersicht.html\" target=\"_blank\" rel=\"noreferrer noopener\"><img loading=\"lazy\" decoding=\"async\" width=\"488\" height=\"103\" src=\"https:\/\/www.baeuerlein-landtechnik.de\/wp-content\/uploads\/2024\/02\/Branthner.png\" alt=\"\" class=\"wp-image-1560\" style=\"width:258px;height:auto\" srcset=\"https:\/\/www.baeuerlein-landtechnik.de\/wp-content\/uploads\/2024\/02\/Branthner.png 488w, https:\/\/www.baeuerlein-landtechnik.de\/wp-content\/uploads\/2024\/02\/Branthner-300x63.png 300w\" sizes=\"(max-width: 488px) 100vw, 488px\" \/><\/a><\/figure><\/div><\/div>\n<\/div>\n\n\n\n<div style=\"height:75px\" aria-hidden=\"true\" class=\"wp-block-spacer\"><\/div>\n\n\n\n<div class=\"wp-block-columns alignfull are-vertically-aligned-center is-layout-flex wp-container-core-columns-layout-5 wp-block-columns-is-layout-flex\">\n<div class=\"wp-block-column is-vertically-aligned-center is-layout-flow wp-block-column-is-layout-flow\">\n<figure class=\"wp-block-image size-full\"><a href=\"https:\/\/eifo.de\/\" target=\"_blank\" rel=\"noreferrer noopener\"><img loading=\"lazy\" decoding=\"async\" width=\"700\" height=\"400\" src=\"https:\/\/www.baeuerlein-landtechnik.de\/wp-content\/uploads\/2023\/08\/eifo.jpg\" alt=\"\" class=\"wp-image-1223\" srcset=\"https:\/\/www.baeuerlein-landtechnik.de\/wp-content\/uploads\/2023\/08\/eifo.jpg 700w, https:\/\/www.baeuerlein-landtechnik.de\/wp-content\/uploads\/2023\/08\/eifo-300x171.jpg 300w\" sizes=\"(max-width: 700px) 100vw, 700px\" \/><\/a><\/figure>\n<\/div>\n\n\n\n<div class=\"wp-block-column is-vertically-aligned-center is-layout-flow wp-block-column-is-layout-flow\"><div class=\"wp-block-image\">\n<figure class=\"aligncenter size-full\"><a href=\"https:\/\/www.forsmw.com\/de\" target=\"_blank\" rel=\"noopener\"><img loading=\"lazy\" decoding=\"async\" width=\"323\" height=\"82\" src=\"https:\/\/www.baeuerlein-landtechnik.de\/wp-content\/uploads\/2023\/03\/Fors-MW-logo.jpg\" alt=\"\" class=\"wp-image-1026\"\/><\/a><\/figure><\/div><\/div>\n\n\n\n<div class=\"wp-block-column is-vertically-aligned-center is-layout-flow wp-block-column-is-layout-flow\"><div class=\"wp-block-image\">\n<figure class=\"aligncenter size-large\"><a href=\"https:\/\/www.posch.com\/\" target=\"_blank\" rel=\"noopener\"><img decoding=\"async\" src=\"https:\/\/www.posch.com\/wp-content\/themes\/posch\/frontend\/images\/logo-posch.svg\" alt=\"\"\/><\/a><\/figure><\/div><\/div>\n<\/div>\n\n\n\n<div style=\"height:75px\" aria-hidden=\"true\" class=\"wp-block-spacer\"><\/div>\n\n\n\n<div class=\"wp-block-columns alignfull are-vertically-aligned-center is-layout-flex wp-container-core-columns-layout-6 wp-block-columns-is-layout-flex\">\n<div class=\"wp-block-column is-vertically-aligned-center is-layout-flow wp-block-column-is-layout-flow\"><div class=\"wp-block-image\">\n<figure class=\"aligncenter size-large\"><a href=\"https:\/\/neuero-farm.de\/\" target=\"_blank\" rel=\"noopener\"><img decoding=\"async\" src=\"https:\/\/neuero-farm.de\/wp-content\/themes\/twentynineteen\/i\/neuero-smart-farm-technologies-logo.png\" alt=\"\"\/><\/a><\/figure><\/div><\/div>\n\n\n\n<div class=\"wp-block-column is-vertically-aligned-center is-layout-flow wp-block-column-is-layout-flow\"><div class=\"wp-block-image\">\n<figure class=\"aligncenter size-large is-resized\"><img loading=\"lazy\" decoding=\"async\" width=\"887\" height=\"1024\" src=\"https:\/\/www.baeuerlein-landtechnik.de\/wp-content\/uploads\/2024\/02\/Husqvarna-887x1024.jpg\" alt=\"\" class=\"wp-image-1555\" style=\"width:133px;height:auto\" srcset=\"https:\/\/www.baeuerlein-landtechnik.de\/wp-content\/uploads\/2024\/02\/Husqvarna-887x1024.jpg 887w, https:\/\/www.baeuerlein-landtechnik.de\/wp-content\/uploads\/2024\/02\/Husqvarna-260x300.jpg 260w, https:\/\/www.baeuerlein-landtechnik.de\/wp-content\/uploads\/2024\/02\/Husqvarna-768x887.jpg 768w, https:\/\/www.baeuerlein-landtechnik.de\/wp-content\/uploads\/2024\/02\/Husqvarna.jpg 1200w\" sizes=\"(max-width: 887px) 100vw, 887px\" \/><\/figure><\/div><\/div>\n\n\n\n<div class=\"wp-block-column is-vertically-aligned-center is-layout-flow wp-block-column-is-layout-flow\">\n<figure class=\"wp-block-image size-full is-resized\"><a href=\"https:\/\/www.haix.de\/\" target=\"_blank\" rel=\"noreferrer noopener\"><img loading=\"lazy\" decoding=\"async\" width=\"493\" height=\"333\" src=\"https:\/\/www.baeuerlein-landtechnik.de\/wp-content\/uploads\/2023\/02\/Haix.png\" alt=\"\" class=\"wp-image-736\" style=\"width:224px;height:auto\"\/><\/a><\/figure>\n<\/div>\n<\/div>\n\n\n\n<div style=\"height:75px\" aria-hidden=\"true\" class=\"wp-block-spacer\"><\/div>\n\n\n\n<div class=\"wp-block-columns alignfull are-vertically-aligned-center is-layout-flex wp-container-core-columns-layout-7 wp-block-columns-is-layout-flex\">\n<div class=\"wp-block-column is-vertically-aligned-center is-layout-flow wp-block-column-is-layout-flow\">\n<figure class=\"wp-block-image size-full\"><a href=\"https:\/\/www.weidemann.de\/produkte\/hoflader\"><img loading=\"lazy\" decoding=\"async\" width=\"460\" height=\"116\" src=\"https:\/\/www.baeuerlein-landtechnik.de\/wp-content\/uploads\/2025\/09\/logo.png\" alt=\"\" class=\"wp-image-1880\" srcset=\"https:\/\/www.baeuerlein-landtechnik.de\/wp-content\/uploads\/2025\/09\/logo.png 460w, https:\/\/www.baeuerlein-landtechnik.de\/wp-content\/uploads\/2025\/09\/logo-300x76.png 300w\" sizes=\"(max-width: 460px) 100vw, 460px\" \/><\/a><\/figure>\n<\/div>\n\n\n\n<div class=\"wp-block-column is-vertically-aligned-center is-layout-flow wp-block-column-is-layout-flow\">\n<figure class=\"wp-block-image size-full\"><a href=\"https:\/\/www.bergtoys.com\/de\" target=\"_blank\" rel=\"noreferrer noopener\"><img loading=\"lazy\" decoding=\"async\" width=\"257\" height=\"131\" src=\"https:\/\/www.baeuerlein-landtechnik.de\/wp-content\/uploads\/2024\/02\/BergToys.webp\" alt=\"\" class=\"wp-image-1558\"\/><\/a><\/figure>\n<\/div>\n\n\n\n<div class=\"wp-block-column is-vertically-aligned-center is-layout-flow wp-block-column-is-layout-flow\"><div class=\"wp-block-image\">\n<figure class=\"aligncenter size-large is-resized\"><a href=\"https:\/\/www.barthau.de\/\" target=\"_blank\" rel=\"noreferrer noopener\"><img loading=\"lazy\" decoding=\"async\" width=\"1024\" height=\"879\" src=\"https:\/\/www.baeuerlein-landtechnik.de\/wp-content\/uploads\/2023\/08\/2Barthau-1024x879.png\" alt=\"\" class=\"wp-image-1225\" style=\"width:217px;height:auto\" srcset=\"https:\/\/www.baeuerlein-landtechnik.de\/wp-content\/uploads\/2023\/08\/2Barthau-1024x879.png 1024w, https:\/\/www.baeuerlein-landtechnik.de\/wp-content\/uploads\/2023\/08\/2Barthau-300x257.png 300w, https:\/\/www.baeuerlein-landtechnik.de\/wp-content\/uploads\/2023\/08\/2Barthau-768x659.png 768w, https:\/\/www.baeuerlein-landtechnik.de\/wp-content\/uploads\/2023\/08\/2Barthau-1536x1318.png 1536w, https:\/\/www.baeuerlein-landtechnik.de\/wp-content\/uploads\/2023\/08\/2Barthau-2048x1758.png 2048w\" sizes=\"(max-width: 1024px) 100vw, 1024px\" \/><\/a><\/figure><\/div><\/div>\n<\/div>\n\n\n\n<div style=\"height:75px\" aria-hidden=\"true\" class=\"wp-block-spacer\"><\/div>\n\n\n\n<div class=\"wp-block-columns is-layout-flex wp-container-core-columns-layout-8 wp-block-columns-is-layout-flex\">\n<div class=\"wp-block-column is-layout-flow wp-block-column-is-layout-flow\"><\/div>\n\n\n\n<div class=\"wp-block-column is-layout-flow wp-block-column-is-layout-flow\"><\/div>\n\n\n\n<div class=\"wp-block-column is-layout-flow wp-block-column-is-layout-flow\"><\/div>\n<\/div>\n","protected":false},"excerpt":{"rendered":"<p>Unser Ziel ist eine hohe und dauerhafte Kundenzufriedenheit, deshalb setzen wir auf Marken, Partner und Lieferanten mit langj\u00e4hriger Erfahrung, hohem Wissen und gleichen Perspektiven. Somit k\u00f6nnen wir ma\u00dfgeschneidert auf Ihre Bed\u00fcrfnisse eingehen und Ihnen ein breites Sortiment anbieten.<\/p>\n","protected":false},"author":1,"featured_media":0,"parent":0,"menu_order":0,"comment_status":"closed","ping_status":"closed","template":"","meta":{"footnotes":""},"_links":{"self":[{"href":"https:\/\/www.baeuerlein-landtechnik.de\/index.php?rest_route=\/wp\/v2\/pages\/81"}],"collection":[{"href":"https:\/\/www.baeuerlein-landtechnik.de\/index.php?rest_route=\/wp\/v2\/pages"}],"about":[{"href":"https:\/\/www.baeuerlein-landtechnik.de\/index.php?rest_route=\/wp\/v2\/types\/page"}],"author":[{"embeddable":true,"href":"https:\/\/www.baeuerlein-landtechnik.de\/index.php?rest_route=\/wp\/v2\/users\/1"}],"replies":[{"embeddable":true,"href":"https:\/\/www.baeuerlein-landtechnik.de\/index.php?rest_route=%2Fwp%2Fv2%2Fcomments&post=81"}],"version-history":[{"count":89,"href":"https:\/\/www.baeuerlein-landtechnik.de\/index.php?rest_route=\/wp\/v2\/pages\/81\/revisions"}],"predecessor-version":[{"id":1881,"href":"https:\/\/www.baeuerlein-landtechnik.de\/index.php?rest_route=\/wp\/v2\/pages\/81\/revisions\/1881"}],"wp:attachment":[{"href":"https:\/\/www.baeuerlein-landtechnik.de\/index.php?rest_route=%2Fwp%2Fv2%2Fmedia&parent=81"}],"curies":[{"name":"wp","href":"https:\/\/api.w.org\/{rel}","templated":true}]}}